{"id":34399,"date":"2024-02-01T07:51:28","date_gmt":"2024-02-01T07:51:28","guid":{"rendered":"https:\/\/diegraefin.net\/?post_type=product&#038;p=34399"},"modified":"2024-05-08T18:00:20","modified_gmt":"2024-05-08T18:00:20","slug":"dinkelkissen-supersale","status":"publish","type":"product","link":"https:\/\/diegraefin.ae\/de\/produkt\/dinkelkissen-supersale\/","title":{"rendered":"Dinkelkissen Supersale"},"content":{"rendered":"<div>\t<div id=\"gap-1233909519\" class=\"gap-element clearfix\" style=\"display:block; height:auto;\">\n\t\t\n<style>\n#gap-1233909519 {\n  padding-top: 15px;\n}\n<\/style>\n\t<\/div>\n\t<\/div>\n<div><\/div>\n<div>Kuscheln und w\u00e4rmen. Das Dinkelkissen schmiegt sich ganz fein am K\u00f6rper an und ist angenehm leicht.<\/div>\n<div>Es kann auch zusammen mit dem Kuschelschaf, bzw. Hund verwendet werden.<\/div>\n<div>Einfach das Wollflies aus dem Kuscheltier herausnehmen und das Dinkelkissen einlegen.<\/div>\n<div>So wird das Kuschelsch\u00e4fchen, oder der Kuschelhund zum w\u00e4rmenden Dinkelkissen mit Schmusefaktor.<\/div>\n<div><\/div>\n<div>Der Bezug kann vom Dinkelkissen abgenommen werden. Leicht zu pflegen, wenn der Bezug mal in die<\/div>\n<div>Waschmaschine muss.<\/div>\n<div><\/div>\n<div><strong>Wirkung von warmen Dinkelkissen:<\/strong><br \/>\ngegen Bauchweh, Verspannungen, Ohren- &amp; Gliederschmerzen<\/div>\n<div><\/div>\n<div><strong>Wirkung von kalten Dinkelkissen:<\/strong><br \/>\ngut bei Prellungen oder Verstauchungen<\/div>\n<div><\/div>\n<div><strong>Anwendung:<\/strong><br \/>\nIm Backofen bei 70 Grad ca. 15 Minuten oder auf den Heizk\u00f6rper legen bis es angenehm warm ist.<\/div>\n<div>Oder im K\u00fchlschrank k\u00fchlen f\u00fcr die Anwendung im kalten Zustand.<\/div>\n<div>Auf keinen Fall in die Mikrowelle! Brandgefahr!<\/div>\n<div>Gef\u00fcllt mit Biodinkel<\/div>\n<div>\t<div id=\"gap-1740916470\" class=\"gap-element clearfix\" style=\"display:block; height:auto;\">\n\t\t\n<style>\n#gap-1740916470 {\n  padding-top: 15px;\n}\n<\/style>\n\t<\/div>\n\t<\/div>\n<h3>PRODUKTEIGENSCHAFTEN<\/h3>\n<ul>\n<li><b>Gr\u00f6\u00dfe: 20 x 30cm<\/b><\/li>\n<li><b><b>Material Bezug: Musselin <\/b><\/b>100% Baumwolle \u00d6kotex<br \/>\n<b><b>F\u00fcllung: <\/b><\/b>Bio Dinkel<\/li>\n<\/ul>\n<h3>BESTELLUNGEN VON PRIVATKUNDEN<\/h3>\n<ul>\n<li><b>Zahlung: <\/b>sichere Zahlung durch Paypal oder Bank\u00fcberweisung<\/li>\n<li><b>Lieferung:<\/b> innerhalb von 4 &#8211; 5 Werktagen nach Zahlungseingang durch DHL<\/li>\n<li><b>R\u00fcckgabe:\u00a0<\/b>innerhalb von 14 Tagen<\/li>\n<li><b>Kundenbewertungen: <\/b>Produktbewertungen in diesem Shop nach Registrierung und Anmeldung oder generelle Bewertung bei Einwilligung in eine ShopVote Befragung nach einer Bestellung<\/li>\n<\/ul>\n","protected":false},"excerpt":{"rendered":"<hr \/>\n<p><span style=\"color: #364755;\">W\u00e4rmekissen \u2729 30x20cm \u2729\u00a0 Gef\u00fcllt mit 100% Biodinkel aus der Region \u2729 Erg\u00e4nzung f\u00fcr Kuschelschaf &amp; Hund \u2729\u00a0<\/span><\/p>\n","protected":false},"featured_media":24287,"template":"","meta":[],"product_cat":[572],"product_tag":[554,553,551,555,552],"yoast_head":"<!-- This site is optimized with the Yoast SEO Premium plugin v22.5 (Yoast SEO v22.5) - https:\/\/yoast.com\/wordpress\/plugins\/seo\/ -->\n<title>Unser W\u00e4rmekissen ist mit 100% Bio Dinkel gef\u00fcllt - Die Gr\u00e4fin<\/title>\n<meta name=\"description\" content=\"Nachhaltig kuscheln und w\u00e4rmen. Einzeln oder als Erg\u00e4nzung zu unserem Kuschelsortiment. W\u00e4hle deine Farbe. Jetzt Online bestellen.\" \/>\n<meta name=\"robots\" content=\"index, follow, max-snippet:-1, max-image-preview:large, max-video-preview:-1\" \/>\n<link rel=\"canonical\" href=\"https:\/\/diegraefin.ae\/de\/produkt\/dinkelkissen-supersale\/\" \/>\n<meta property=\"og:locale\" content=\"de_DE\" \/>\n<meta property=\"og:type\" content=\"article\" \/>\n<meta property=\"og:title\" content=\"Dinkelkissen Supersale\" \/>\n<meta property=\"og:description\" content=\"Nachhaltig kuscheln und w\u00e4rmen. Einzeln oder als Erg\u00e4nzung zu unserem Kuschelsortiment. W\u00e4hle deine Farbe. Jetzt Online bestellen.\" \/>\n<meta property=\"og:url\" content=\"https:\/\/diegraefin.ae\/de\/produkt\/dinkelkissen-supersale\/\" \/>\n<meta property=\"og:site_name\" content=\"Die Graefin\" \/>\n<meta property=\"article:publisher\" content=\"https:\/\/www.facebook.com\/www.diegraefin.net\/\" \/>\n<meta property=\"article:modified_time\" content=\"2024-05-08T18:00:20+00:00\" \/>\n<meta property=\"og:image\" content=\"https:\/\/diegraefin.ae\/wp-content\/uploads\/dinkelkissen_standard.jpg\" \/>\n\t<meta property=\"og:image:width\" content=\"1080\" \/>\n\t<meta property=\"og:image:height\" content=\"1080\" \/>\n\t<meta property=\"og:image:type\" content=\"image\/jpeg\" \/>\n<meta name=\"twitter:card\" content=\"summary_large_image\" \/>\n<meta name=\"twitter:label1\" content=\"Verf\u00fcgbarkeit\" \/>\n\t<meta name=\"twitter:data1\" content=\"Auf Lager\" \/>\n<script type=\"application\/ld+json\" class=\"yoast-schema-graph\">{\"@context\":\"https:\/\/schema.org\",\"@graph\":[{\"@type\":\"WebPage\",\"@id\":\"https:\/\/diegraefin.ae\/de\/produkt\/dinkelkissen-supersale\/\",\"url\":\"https:\/\/diegraefin.ae\/de\/produkt\/dinkelkissen-supersale\/\",\"name\":\"Unser W\u00e4rmekissen ist mit 100% Bio Dinkel gef\u00fcllt - Die Gr\u00e4fin\",\"isPartOf\":{\"@id\":\"https:\/\/diegraefin.ae\/#website\"},\"primaryImageOfPage\":{\"@id\":\"https:\/\/diegraefin.ae\/de\/produkt\/dinkelkissen-supersale\/#primaryimage\"},\"image\":{\"@id\":\"https:\/\/diegraefin.ae\/de\/produkt\/dinkelkissen-supersale\/#primaryimage\"},\"thumbnailUrl\":\"https:\/\/diegraefin.ae\/wp-content\/uploads\/dinkelkissen_standard.jpg\",\"datePublished\":\"2024-02-01T07:51:28+00:00\",\"dateModified\":\"2024-05-08T18:00:20+00:00\",\"description\":\"Nachhaltig kuscheln und w\u00e4rmen. Einzeln oder als Erg\u00e4nzung zu unserem Kuschelsortiment. W\u00e4hle deine Farbe. Jetzt Online bestellen.\",\"breadcrumb\":{\"@id\":\"https:\/\/diegraefin.ae\/de\/produkt\/dinkelkissen-supersale\/#breadcrumb\"},\"inLanguage\":\"de\",\"potentialAction\":[{\"@type\":\"ReadAction\",\"target\":[\"https:\/\/diegraefin.ae\/de\/produkt\/dinkelkissen-supersale\/\"]}]},{\"@type\":\"ImageObject\",\"inLanguage\":\"de\",\"@id\":\"https:\/\/diegraefin.ae\/de\/produkt\/dinkelkissen-supersale\/#primaryimage\",\"url\":\"https:\/\/diegraefin.ae\/wp-content\/uploads\/dinkelkissen_standard.jpg\",\"contentUrl\":\"https:\/\/diegraefin.ae\/wp-content\/uploads\/dinkelkissen_standard.jpg\",\"width\":1080,\"height\":1080},{\"@type\":\"BreadcrumbList\",\"@id\":\"https:\/\/diegraefin.ae\/de\/produkt\/dinkelkissen-supersale\/#breadcrumb\",\"itemListElement\":[{\"@type\":\"ListItem\",\"position\":1,\"name\":\"Die Gr\u00e4fin\",\"item\":\"https:\/\/diegraefin.ae\/de\/\"},{\"@type\":\"ListItem\",\"position\":2,\"name\":\"Shop\",\"item\":\"https:\/\/diegraefin.ae\/de\/?page_id=6\"},{\"@type\":\"ListItem\",\"position\":3,\"name\":\"Dinkelkissen Supersale\"}]},{\"@type\":\"WebSite\",\"@id\":\"https:\/\/diegraefin.ae\/#website\",\"url\":\"https:\/\/diegraefin.ae\/\",\"name\":\"Die Graefin\",\"description\":\"Cuddly toys made from organic cotton and organic merino wool\",\"publisher\":{\"@id\":\"https:\/\/diegraefin.ae\/#organization\"},\"potentialAction\":[{\"@type\":\"SearchAction\",\"target\":{\"@type\":\"EntryPoint\",\"urlTemplate\":\"https:\/\/diegraefin.ae\/?s={search_term_string}\"},\"query-input\":\"required name=search_term_string\"}],\"inLanguage\":\"de\"},{\"@type\":\"Organization\",\"@id\":\"https:\/\/diegraefin.ae\/#organization\",\"name\":\"Die Gr\u00e4fin\",\"url\":\"https:\/\/diegraefin.ae\/\",\"logo\":{\"@type\":\"ImageObject\",\"inLanguage\":\"de\",\"@id\":\"https:\/\/diegraefin.ae\/#\/schema\/logo\/image\/\",\"url\":\"https:\/\/diegraefin.net\/wp-content\/uploads\/Logo-ohne-Oval.png\",\"contentUrl\":\"https:\/\/diegraefin.net\/wp-content\/uploads\/Logo-ohne-Oval.png\",\"width\":600,\"height\":506,\"caption\":\"Die Gr\u00e4fin\"},\"image\":{\"@id\":\"https:\/\/diegraefin.ae\/#\/schema\/logo\/image\/\"},\"sameAs\":[\"https:\/\/www.facebook.com\/www.diegraefin.net\/\"]}]}<\/script>\n<meta property=\"og:availability\" content=\"instock\" \/>\n<meta property=\"product:availability\" content=\"instock\" \/>\n<meta property=\"product:condition\" content=\"new\" \/>\n<!-- \/ Yoast SEO Premium plugin. -->","yoast_head_json":{"title":"Unser W\u00e4rmekissen ist mit 100% Bio Dinkel gef\u00fcllt - Die Gr\u00e4fin","description":"Nachhaltig kuscheln und w\u00e4rmen. Einzeln oder als Erg\u00e4nzung zu unserem Kuschelsortiment. W\u00e4hle deine Farbe. Jetzt Online bestellen.","robots":{"index":"index","follow":"follow","max-snippet":"max-snippet:-1","max-image-preview":"max-image-preview:large","max-video-preview":"max-video-preview:-1"},"canonical":"https:\/\/diegraefin.ae\/de\/produkt\/dinkelkissen-supersale\/","og_locale":"de_DE","og_type":"article","og_title":"Dinkelkissen Supersale","og_description":"Nachhaltig kuscheln und w\u00e4rmen. Einzeln oder als Erg\u00e4nzung zu unserem Kuschelsortiment. W\u00e4hle deine Farbe. Jetzt Online bestellen.","og_url":"https:\/\/diegraefin.ae\/de\/produkt\/dinkelkissen-supersale\/","og_site_name":"Die Graefin","article_publisher":"https:\/\/www.facebook.com\/www.diegraefin.net\/","article_modified_time":"2024-05-08T18:00:20+00:00","og_image":[{"width":1080,"height":1080,"url":"https:\/\/diegraefin.ae\/wp-content\/uploads\/dinkelkissen_standard.jpg","type":"image\/jpeg"}],"twitter_card":"summary_large_image","twitter_misc":{"Verf\u00fcgbarkeit":"Auf Lager"},"schema":{"@context":"https:\/\/schema.org","@graph":[{"@type":"WebPage","@id":"https:\/\/diegraefin.ae\/de\/produkt\/dinkelkissen-supersale\/","url":"https:\/\/diegraefin.ae\/de\/produkt\/dinkelkissen-supersale\/","name":"Unser W\u00e4rmekissen ist mit 100% Bio Dinkel gef\u00fcllt - Die Gr\u00e4fin","isPartOf":{"@id":"https:\/\/diegraefin.ae\/#website"},"primaryImageOfPage":{"@id":"https:\/\/diegraefin.ae\/de\/produkt\/dinkelkissen-supersale\/#primaryimage"},"image":{"@id":"https:\/\/diegraefin.ae\/de\/produkt\/dinkelkissen-supersale\/#primaryimage"},"thumbnailUrl":"https:\/\/diegraefin.ae\/wp-content\/uploads\/dinkelkissen_standard.jpg","datePublished":"2024-02-01T07:51:28+00:00","dateModified":"2024-05-08T18:00:20+00:00","description":"Nachhaltig kuscheln und w\u00e4rmen. Einzeln oder als Erg\u00e4nzung zu unserem Kuschelsortiment. W\u00e4hle deine Farbe. Jetzt Online bestellen.","breadcrumb":{"@id":"https:\/\/diegraefin.ae\/de\/produkt\/dinkelkissen-supersale\/#breadcrumb"},"inLanguage":"de","potentialAction":[{"@type":"ReadAction","target":["https:\/\/diegraefin.ae\/de\/produkt\/dinkelkissen-supersale\/"]}]},{"@type":"ImageObject","inLanguage":"de","@id":"https:\/\/diegraefin.ae\/de\/produkt\/dinkelkissen-supersale\/#primaryimage","url":"https:\/\/diegraefin.ae\/wp-content\/uploads\/dinkelkissen_standard.jpg","contentUrl":"https:\/\/diegraefin.ae\/wp-content\/uploads\/dinkelkissen_standard.jpg","width":1080,"height":1080},{"@type":"BreadcrumbList","@id":"https:\/\/diegraefin.ae\/de\/produkt\/dinkelkissen-supersale\/#breadcrumb","itemListElement":[{"@type":"ListItem","position":1,"name":"Die Gr\u00e4fin","item":"https:\/\/diegraefin.ae\/de\/"},{"@type":"ListItem","position":2,"name":"Shop","item":"https:\/\/diegraefin.ae\/de\/?page_id=6"},{"@type":"ListItem","position":3,"name":"Dinkelkissen Supersale"}]},{"@type":"WebSite","@id":"https:\/\/diegraefin.ae\/#website","url":"https:\/\/diegraefin.ae\/","name":"Die Graefin","description":"Cuddly toys made from organic cotton and organic merino wool","publisher":{"@id":"https:\/\/diegraefin.ae\/#organization"},"potentialAction":[{"@type":"SearchAction","target":{"@type":"EntryPoint","urlTemplate":"https:\/\/diegraefin.ae\/?s={search_term_string}"},"query-input":"required name=search_term_string"}],"inLanguage":"de"},{"@type":"Organization","@id":"https:\/\/diegraefin.ae\/#organization","name":"Die Gr\u00e4fin","url":"https:\/\/diegraefin.ae\/","logo":{"@type":"ImageObject","inLanguage":"de","@id":"https:\/\/diegraefin.ae\/#\/schema\/logo\/image\/","url":"https:\/\/diegraefin.net\/wp-content\/uploads\/Logo-ohne-Oval.png","contentUrl":"https:\/\/diegraefin.net\/wp-content\/uploads\/Logo-ohne-Oval.png","width":600,"height":506,"caption":"Die Gr\u00e4fin"},"image":{"@id":"https:\/\/diegraefin.ae\/#\/schema\/logo\/image\/"},"sameAs":["https:\/\/www.facebook.com\/www.diegraefin.net\/"]}]},"og_availability":"instock","product_availability":"instock","product_condition":"new"},"_links":{"self":[{"href":"https:\/\/diegraefin.ae\/de\/wp-json\/wp\/v2\/product\/34399"}],"collection":[{"href":"https:\/\/diegraefin.ae\/de\/wp-json\/wp\/v2\/product"}],"about":[{"href":"https:\/\/diegraefin.ae\/de\/wp-json\/wp\/v2\/types\/product"}],"wp:featuredmedia":[{"embeddable":true,"href":"https:\/\/diegraefin.ae\/de\/wp-json\/wp\/v2\/media\/24287"}],"wp:attachment":[{"href":"https:\/\/diegraefin.ae\/de\/wp-json\/wp\/v2\/media?parent=34399"}],"wp:term":[{"taxonomy":"product_cat","embeddable":true,"href":"https:\/\/diegraefin.ae\/de\/wp-json\/wp\/v2\/product_cat?post=34399"},{"taxonomy":"product_tag","embeddable":true,"href":"https:\/\/diegraefin.ae\/de\/wp-json\/wp\/v2\/product_tag?post=34399"}],"curies":[{"name":"wp","href":"https:\/\/api.w.org\/{rel}","templated":true}]}}