{"id":33285,"date":"2023-12-06T13:51:40","date_gmt":"2023-12-06T13:51:40","guid":{"rendered":"https:\/\/diegraefin.net\/?post_type=product&#038;p=33285"},"modified":"2023-12-06T14:22:36","modified_gmt":"2023-12-06T14:22:36","slug":"wertgutscheine","status":"publish","type":"product","link":"https:\/\/diegraefin.ae\/de\/produkt\/wertgutscheine\/","title":{"rendered":"Wertgutscheine"},"content":{"rendered":"<p>Unsere Gutscheine bieten eine Vielzahl von M\u00f6glichkeiten, um Freude zu schenken. Ob Geburtstage, zur Geburt oder einfach nur, um jemandem eine besondere Freude zu bereiten \u2013 mit einem Gutschein von uns liegen Sie immer richtig.<\/p>\n<p><strong>So einfach geht&#8217;s:<\/strong><\/p>\n<ol>\n<li><strong>Gutschein ausw\u00e4hlen:<\/strong> W\u00e4hlen Sie Ihren Gutscheinwert aus und legen Sie ihn in Ihren Warenkorb.<\/li>\n<li><strong>Bestellung abschlie\u00dfen:<\/strong> Gehen Sie zur Kasse und schlie\u00dfen Sie den Bestellprozess ab. Nach erfolgreicher Zahlung steht Ihnen Ihr Gutschein sofort zum Download bereit.<\/li>\n<li><strong>Herunterladen &amp; Ausdrucken:<\/strong> Laden Sie Ihren Gutschein herunter und drucken Sie ihn aus. Unser stilvolles Design macht aus Ihrem Geschenk etwas Besonderes.<\/li>\n<li><strong>Verschenken mit Freude:<\/strong> \u00dcberreichen Sie den Gutschein an den gl\u00fccklichen Empf\u00e4nger, der nun aus einem vielf\u00e4ltigen Angebot w\u00e4hlen kann.<\/li>\n<\/ol>\n<p><strong>Gutschein einl\u00f6sen:<br \/>\n<\/strong>Das Einl\u00f6sen des Gutscheins ist kinderleicht. W\u00e4hrend des Checkout-Prozesses geben Sie einfach den einzigartigen Gutscheincode ein, den Sie auf Ihrem Gutschein finden. Der entsprechende Betrag wird automatisch von der Gesamtsumme abgezogen.<\/p>\n","protected":false},"excerpt":{"rendered":"<p>Entdecken Sie das perfekte Geschenk f\u00fcr Ihre Liebsten \u2013 mit unserem exklusiven Gutscheinen!<\/p>\n","protected":false},"featured_media":33286,"template":"","meta":[],"product_cat":[615],"product_tag":[],"yoast_head":"<!-- This site is optimized with the Yoast SEO Premium plugin v22.5 (Yoast SEO v22.5) - https:\/\/yoast.com\/wordpress\/plugins\/seo\/ -->\n<title>Wertgutscheine - Die Graefin<\/title>\n<meta name=\"robots\" content=\"index, follow, max-snippet:-1, max-image-preview:large, max-video-preview:-1\" \/>\n<link rel=\"canonical\" href=\"https:\/\/diegraefin.ae\/de\/produkt\/wertgutscheine\/\" \/>\n<meta property=\"og:locale\" content=\"de_DE\" \/>\n<meta property=\"og:type\" content=\"article\" \/>\n<meta property=\"og:title\" content=\"Wertgutscheine\" \/>\n<meta property=\"og:description\" content=\"Entdecken Sie das perfekte Geschenk f\u00fcr Ihre Liebsten \u2013 mit unserem exklusiven Gutscheinen!\" \/>\n<meta property=\"og:url\" content=\"https:\/\/diegraefin.ae\/de\/produkt\/wertgutscheine\/\" \/>\n<meta property=\"og:site_name\" content=\"Die Graefin\" \/>\n<meta property=\"article:publisher\" content=\"https:\/\/www.facebook.com\/www.diegraefin.net\/\" \/>\n<meta property=\"article:modified_time\" content=\"2023-12-06T14:22:36+00:00\" \/>\n<meta property=\"og:image\" content=\"https:\/\/diegraefin.ae\/wp-content\/uploads\/A4-Paper-gutschein-scaled.jpg\" \/>\n\t<meta property=\"og:image:width\" content=\"2560\" \/>\n\t<meta property=\"og:image:height\" content=\"1917\" \/>\n\t<meta property=\"og:image:type\" content=\"image\/jpeg\" \/>\n<meta name=\"twitter:card\" content=\"summary_large_image\" \/>\n<meta name=\"twitter:label1\" content=\"Preis\" \/>\n\t<meta name=\"twitter:data1\" content=\"50,00&nbsp;&euro;\" \/>\n\t<meta name=\"twitter:label2\" content=\"Verf\u00fcgbarkeit\" \/>\n\t<meta name=\"twitter:data2\" content=\"Auf Lager\" \/>\n<script type=\"application\/ld+json\" class=\"yoast-schema-graph\">{\"@context\":\"https:\/\/schema.org\",\"@graph\":[{\"@type\":\"WebPage\",\"@id\":\"https:\/\/diegraefin.ae\/de\/produkt\/wertgutscheine\/\",\"url\":\"https:\/\/diegraefin.ae\/de\/produkt\/wertgutscheine\/\",\"name\":\"Wertgutscheine - Die Graefin\",\"isPartOf\":{\"@id\":\"https:\/\/diegraefin.ae\/#website\"},\"primaryImageOfPage\":{\"@id\":\"https:\/\/diegraefin.ae\/de\/produkt\/wertgutscheine\/#primaryimage\"},\"image\":{\"@id\":\"https:\/\/diegraefin.ae\/de\/produkt\/wertgutscheine\/#primaryimage\"},\"thumbnailUrl\":\"https:\/\/diegraefin.ae\/wp-content\/uploads\/A4-Paper-gutschein-scaled.jpg\",\"datePublished\":\"2023-12-06T13:51:40+00:00\",\"dateModified\":\"2023-12-06T14:22:36+00:00\",\"breadcrumb\":{\"@id\":\"https:\/\/diegraefin.ae\/de\/produkt\/wertgutscheine\/#breadcrumb\"},\"inLanguage\":\"de\",\"potentialAction\":[{\"@type\":\"ReadAction\",\"target\":[\"https:\/\/diegraefin.ae\/de\/produkt\/wertgutscheine\/\"]}]},{\"@type\":\"ImageObject\",\"inLanguage\":\"de\",\"@id\":\"https:\/\/diegraefin.ae\/de\/produkt\/wertgutscheine\/#primaryimage\",\"url\":\"https:\/\/diegraefin.ae\/wp-content\/uploads\/A4-Paper-gutschein-scaled.jpg\",\"contentUrl\":\"https:\/\/diegraefin.ae\/wp-content\/uploads\/A4-Paper-gutschein-scaled.jpg\",\"width\":2560,\"height\":1917},{\"@type\":\"BreadcrumbList\",\"@id\":\"https:\/\/diegraefin.ae\/de\/produkt\/wertgutscheine\/#breadcrumb\",\"itemListElement\":[{\"@type\":\"ListItem\",\"position\":1,\"name\":\"Die Gr\u00e4fin\",\"item\":\"https:\/\/diegraefin.ae\/de\/\"},{\"@type\":\"ListItem\",\"position\":2,\"name\":\"Shop\",\"item\":\"https:\/\/diegraefin.ae\/de\/?page_id=6\"},{\"@type\":\"ListItem\",\"position\":3,\"name\":\"Wertgutscheine\"}]},{\"@type\":\"WebSite\",\"@id\":\"https:\/\/diegraefin.ae\/#website\",\"url\":\"https:\/\/diegraefin.ae\/\",\"name\":\"Die Graefin\",\"description\":\"Cuddly toys made from organic cotton and organic merino wool\",\"publisher\":{\"@id\":\"https:\/\/diegraefin.ae\/#organization\"},\"potentialAction\":[{\"@type\":\"SearchAction\",\"target\":{\"@type\":\"EntryPoint\",\"urlTemplate\":\"https:\/\/diegraefin.ae\/?s={search_term_string}\"},\"query-input\":\"required name=search_term_string\"}],\"inLanguage\":\"de\"},{\"@type\":\"Organization\",\"@id\":\"https:\/\/diegraefin.ae\/#organization\",\"name\":\"Die Gr\u00e4fin\",\"url\":\"https:\/\/diegraefin.ae\/\",\"logo\":{\"@type\":\"ImageObject\",\"inLanguage\":\"de\",\"@id\":\"https:\/\/diegraefin.ae\/#\/schema\/logo\/image\/\",\"url\":\"https:\/\/diegraefin.net\/wp-content\/uploads\/Logo-ohne-Oval.png\",\"contentUrl\":\"https:\/\/diegraefin.net\/wp-content\/uploads\/Logo-ohne-Oval.png\",\"width\":600,\"height\":506,\"caption\":\"Die Gr\u00e4fin\"},\"image\":{\"@id\":\"https:\/\/diegraefin.ae\/#\/schema\/logo\/image\/\"},\"sameAs\":[\"https:\/\/www.facebook.com\/www.diegraefin.net\/\"]}]}<\/script>\n<meta property=\"product:price:amount\" content=\"50.00\" \/>\n<meta property=\"product:price:currency\" content=\"EUR\" \/>\n<meta property=\"og:availability\" content=\"instock\" \/>\n<meta property=\"product:availability\" content=\"instock\" \/>\n<meta property=\"product:condition\" content=\"new\" \/>\n<!-- \/ Yoast SEO Premium plugin. -->","yoast_head_json":{"title":"Wertgutscheine - Die Graefin","robots":{"index":"index","follow":"follow","max-snippet":"max-snippet:-1","max-image-preview":"max-image-preview:large","max-video-preview":"max-video-preview:-1"},"canonical":"https:\/\/diegraefin.ae\/de\/produkt\/wertgutscheine\/","og_locale":"de_DE","og_type":"article","og_title":"Wertgutscheine","og_description":"Entdecken Sie das perfekte Geschenk f\u00fcr Ihre Liebsten \u2013 mit unserem exklusiven Gutscheinen!","og_url":"https:\/\/diegraefin.ae\/de\/produkt\/wertgutscheine\/","og_site_name":"Die Graefin","article_publisher":"https:\/\/www.facebook.com\/www.diegraefin.net\/","article_modified_time":"2023-12-06T14:22:36+00:00","og_image":[{"width":2560,"height":1917,"url":"https:\/\/diegraefin.ae\/wp-content\/uploads\/A4-Paper-gutschein-scaled.jpg","type":"image\/jpeg"}],"twitter_card":"summary_large_image","twitter_misc":{"Preis":"50,00&nbsp;&euro;","Verf\u00fcgbarkeit":"Auf Lager"},"schema":{"@context":"https:\/\/schema.org","@graph":[{"@type":"WebPage","@id":"https:\/\/diegraefin.ae\/de\/produkt\/wertgutscheine\/","url":"https:\/\/diegraefin.ae\/de\/produkt\/wertgutscheine\/","name":"Wertgutscheine - Die Graefin","isPartOf":{"@id":"https:\/\/diegraefin.ae\/#website"},"primaryImageOfPage":{"@id":"https:\/\/diegraefin.ae\/de\/produkt\/wertgutscheine\/#primaryimage"},"image":{"@id":"https:\/\/diegraefin.ae\/de\/produkt\/wertgutscheine\/#primaryimage"},"thumbnailUrl":"https:\/\/diegraefin.ae\/wp-content\/uploads\/A4-Paper-gutschein-scaled.jpg","datePublished":"2023-12-06T13:51:40+00:00","dateModified":"2023-12-06T14:22:36+00:00","breadcrumb":{"@id":"https:\/\/diegraefin.ae\/de\/produkt\/wertgutscheine\/#breadcrumb"},"inLanguage":"de","potentialAction":[{"@type":"ReadAction","target":["https:\/\/diegraefin.ae\/de\/produkt\/wertgutscheine\/"]}]},{"@type":"ImageObject","inLanguage":"de","@id":"https:\/\/diegraefin.ae\/de\/produkt\/wertgutscheine\/#primaryimage","url":"https:\/\/diegraefin.ae\/wp-content\/uploads\/A4-Paper-gutschein-scaled.jpg","contentUrl":"https:\/\/diegraefin.ae\/wp-content\/uploads\/A4-Paper-gutschein-scaled.jpg","width":2560,"height":1917},{"@type":"BreadcrumbList","@id":"https:\/\/diegraefin.ae\/de\/produkt\/wertgutscheine\/#breadcrumb","itemListElement":[{"@type":"ListItem","position":1,"name":"Die Gr\u00e4fin","item":"https:\/\/diegraefin.ae\/de\/"},{"@type":"ListItem","position":2,"name":"Shop","item":"https:\/\/diegraefin.ae\/de\/?page_id=6"},{"@type":"ListItem","position":3,"name":"Wertgutscheine"}]},{"@type":"WebSite","@id":"https:\/\/diegraefin.ae\/#website","url":"https:\/\/diegraefin.ae\/","name":"Die Graefin","description":"Cuddly toys made from organic cotton and organic merino wool","publisher":{"@id":"https:\/\/diegraefin.ae\/#organization"},"potentialAction":[{"@type":"SearchAction","target":{"@type":"EntryPoint","urlTemplate":"https:\/\/diegraefin.ae\/?s={search_term_string}"},"query-input":"required name=search_term_string"}],"inLanguage":"de"},{"@type":"Organization","@id":"https:\/\/diegraefin.ae\/#organization","name":"Die Gr\u00e4fin","url":"https:\/\/diegraefin.ae\/","logo":{"@type":"ImageObject","inLanguage":"de","@id":"https:\/\/diegraefin.ae\/#\/schema\/logo\/image\/","url":"https:\/\/diegraefin.net\/wp-content\/uploads\/Logo-ohne-Oval.png","contentUrl":"https:\/\/diegraefin.net\/wp-content\/uploads\/Logo-ohne-Oval.png","width":600,"height":506,"caption":"Die Gr\u00e4fin"},"image":{"@id":"https:\/\/diegraefin.ae\/#\/schema\/logo\/image\/"},"sameAs":["https:\/\/www.facebook.com\/www.diegraefin.net\/"]}]},"product_price_amount":"50.00","product_price_currency":"EUR","og_availability":"instock","product_availability":"instock","product_condition":"new"},"_links":{"self":[{"href":"https:\/\/diegraefin.ae\/de\/wp-json\/wp\/v2\/product\/33285"}],"collection":[{"href":"https:\/\/diegraefin.ae\/de\/wp-json\/wp\/v2\/product"}],"about":[{"href":"https:\/\/diegraefin.ae\/de\/wp-json\/wp\/v2\/types\/product"}],"wp:featuredmedia":[{"embeddable":true,"href":"https:\/\/diegraefin.ae\/de\/wp-json\/wp\/v2\/media\/33286"}],"wp:attachment":[{"href":"https:\/\/diegraefin.ae\/de\/wp-json\/wp\/v2\/media?parent=33285"}],"wp:term":[{"taxonomy":"product_cat","embeddable":true,"href":"https:\/\/diegraefin.ae\/de\/wp-json\/wp\/v2\/product_cat?post=33285"},{"taxonomy":"product_tag","embeddable":true,"href":"https:\/\/diegraefin.ae\/de\/wp-json\/wp\/v2\/product_tag?post=33285"}],"curies":[{"name":"wp","href":"https:\/\/api.w.org\/{rel}","templated":true}]}}