{"id":31996,"date":"2023-10-18T08:39:51","date_gmt":"2023-10-18T08:39:51","guid":{"rendered":"https:\/\/diegraefin.net\/?post_type=product&#038;p=31996"},"modified":"2023-10-18T08:53:12","modified_gmt":"2023-10-18T08:53:12","slug":"schluesselanhaenger","status":"publish","type":"product","link":"https:\/\/diegraefin.ae\/de\/produkt\/schluesselanhaenger\/","title":{"rendered":"Schl\u00fcsselanh\u00e4nger"},"content":{"rendered":"<p>Entdecke unseren einzigartigen handgefertigten Makramee Schl\u00fcsselanh\u00e4nger aus recyceltem Baumwollgarn!<br \/>\nJedes St\u00fcck ist mit Liebe und Sorgfalt von Hand gefertigt.<br \/>\nEin stilvolles Accessoire, das nicht nur Deine Schl\u00fcssel organisiert, sondern auch die Umwelt sch\u00fctzt.<br \/>\nHolen Dir jetzt Deinen nachhaltigen Makramee Schl\u00fcsselanh\u00e4nger und zeige Umweltbewusstsein!<\/p>\n","protected":false},"excerpt":{"rendered":"<p>Entdecke unseren einzigartigen handgefertigten Makramee Schl\u00fcsselanh\u00e4nger aus recyceltem Baumwollgarn!<br \/>\nJedes St\u00fcck ist mit Liebe und Sorgfalt von Hand gefertigt.<br \/>\nEin stilvolles Accessoire, das nicht nur Deine Schl\u00fcssel organisiert, sondern auch die Umwelt sch\u00fctzt.<br \/>\nHolen Dir jetzt Deinen nachhaltigen Makramee Schl\u00fcsselanh\u00e4nger und zeige Umweltbewusstsein!<\/p>\n","protected":false},"featured_media":32102,"template":"","meta":[],"product_cat":[571,366],"product_tag":[102,365,51],"yoast_head":"<!-- This site is optimized with the Yoast SEO Premium plugin v22.5 (Yoast SEO v22.5) - https:\/\/yoast.com\/wordpress\/plugins\/seo\/ -->\n<title>Schl\u00fcsselanh\u00e4nger - Die Graefin<\/title>\n<meta name=\"description\" content=\"Entdecke unseren einzigartigen handgefertigten Makramee Schl\u00fcsselanh\u00e4nger aus recyceltem Baumwollgarn!Jedes St\u00fcck ist mit Liebe und Sorgfalt von Hand gefertigt.\" \/>\n<meta name=\"robots\" content=\"index, follow, max-snippet:-1, max-image-preview:large, max-video-preview:-1\" \/>\n<link rel=\"canonical\" href=\"https:\/\/diegraefin.ae\/de\/produkt\/schluesselanhaenger\/\" \/>\n<meta property=\"og:locale\" content=\"de_DE\" \/>\n<meta property=\"og:type\" content=\"article\" \/>\n<meta property=\"og:title\" content=\"Schl\u00fcsselanh\u00e4nger\" \/>\n<meta property=\"og:description\" content=\"Entdecke unseren einzigartigen handgefertigten Makramee Schl\u00fcsselanh\u00e4nger aus recyceltem Baumwollgarn!Jedes St\u00fcck ist mit Liebe und Sorgfalt von Hand gefertigt.\" \/>\n<meta property=\"og:url\" content=\"https:\/\/diegraefin.ae\/de\/produkt\/schluesselanhaenger\/\" \/>\n<meta property=\"og:site_name\" content=\"Die Graefin\" \/>\n<meta property=\"article:publisher\" content=\"https:\/\/www.facebook.com\/www.diegraefin.net\/\" \/>\n<meta property=\"article:modified_time\" content=\"2023-10-18T08:53:12+00:00\" \/>\n<meta property=\"og:image\" content=\"https:\/\/diegraefin.ae\/wp-content\/uploads\/Schluesselanhaenger-Image-1.jpg\" \/>\n\t<meta property=\"og:image:width\" content=\"1152\" \/>\n\t<meta property=\"og:image:height\" content=\"1180\" \/>\n\t<meta property=\"og:image:type\" content=\"image\/jpeg\" \/>\n<meta name=\"twitter:card\" content=\"summary_large_image\" \/>\n<meta name=\"twitter:label1\" content=\"Verf\u00fcgbarkeit\" \/>\n\t<meta name=\"twitter:data1\" content=\"Auf Lager\" \/>\n<script type=\"application\/ld+json\" class=\"yoast-schema-graph\">{\"@context\":\"https:\/\/schema.org\",\"@graph\":[{\"@type\":\"WebPage\",\"@id\":\"https:\/\/diegraefin.ae\/de\/produkt\/schluesselanhaenger\/\",\"url\":\"https:\/\/diegraefin.ae\/de\/produkt\/schluesselanhaenger\/\",\"name\":\"Schl\u00fcsselanh\u00e4nger - Die Graefin\",\"isPartOf\":{\"@id\":\"https:\/\/diegraefin.ae\/#website\"},\"primaryImageOfPage\":{\"@id\":\"https:\/\/diegraefin.ae\/de\/produkt\/schluesselanhaenger\/#primaryimage\"},\"image\":{\"@id\":\"https:\/\/diegraefin.ae\/de\/produkt\/schluesselanhaenger\/#primaryimage\"},\"thumbnailUrl\":\"https:\/\/diegraefin.ae\/wp-content\/uploads\/Schluesselanhaenger-Image-1.jpg\",\"datePublished\":\"2023-10-18T08:39:51+00:00\",\"dateModified\":\"2023-10-18T08:53:12+00:00\",\"description\":\"Entdecke unseren einzigartigen handgefertigten Makramee Schl\u00fcsselanh\u00e4nger aus recyceltem Baumwollgarn!Jedes St\u00fcck ist mit Liebe und Sorgfalt von Hand gefertigt.\",\"breadcrumb\":{\"@id\":\"https:\/\/diegraefin.ae\/de\/produkt\/schluesselanhaenger\/#breadcrumb\"},\"inLanguage\":\"de\",\"potentialAction\":[{\"@type\":\"ReadAction\",\"target\":[\"https:\/\/diegraefin.ae\/de\/produkt\/schluesselanhaenger\/\"]}]},{\"@type\":\"ImageObject\",\"inLanguage\":\"de\",\"@id\":\"https:\/\/diegraefin.ae\/de\/produkt\/schluesselanhaenger\/#primaryimage\",\"url\":\"https:\/\/diegraefin.ae\/wp-content\/uploads\/Schluesselanhaenger-Image-1.jpg\",\"contentUrl\":\"https:\/\/diegraefin.ae\/wp-content\/uploads\/Schluesselanhaenger-Image-1.jpg\",\"width\":1152,\"height\":1180},{\"@type\":\"BreadcrumbList\",\"@id\":\"https:\/\/diegraefin.ae\/de\/produkt\/schluesselanhaenger\/#breadcrumb\",\"itemListElement\":[{\"@type\":\"ListItem\",\"position\":1,\"name\":\"Die Gr\u00e4fin\",\"item\":\"https:\/\/diegraefin.ae\/de\/\"},{\"@type\":\"ListItem\",\"position\":2,\"name\":\"Shop\",\"item\":\"https:\/\/diegraefin.ae\/de\/?page_id=6\"},{\"@type\":\"ListItem\",\"position\":3,\"name\":\"Schl\u00fcsselanh\u00e4nger\"}]},{\"@type\":\"WebSite\",\"@id\":\"https:\/\/diegraefin.ae\/#website\",\"url\":\"https:\/\/diegraefin.ae\/\",\"name\":\"Die Graefin\",\"description\":\"Cuddly toys made from organic cotton and organic merino wool\",\"publisher\":{\"@id\":\"https:\/\/diegraefin.ae\/#organization\"},\"potentialAction\":[{\"@type\":\"SearchAction\",\"target\":{\"@type\":\"EntryPoint\",\"urlTemplate\":\"https:\/\/diegraefin.ae\/?s={search_term_string}\"},\"query-input\":\"required name=search_term_string\"}],\"inLanguage\":\"de\"},{\"@type\":\"Organization\",\"@id\":\"https:\/\/diegraefin.ae\/#organization\",\"name\":\"Die Gr\u00e4fin\",\"url\":\"https:\/\/diegraefin.ae\/\",\"logo\":{\"@type\":\"ImageObject\",\"inLanguage\":\"de\",\"@id\":\"https:\/\/diegraefin.ae\/#\/schema\/logo\/image\/\",\"url\":\"https:\/\/diegraefin.net\/wp-content\/uploads\/Logo-ohne-Oval.png\",\"contentUrl\":\"https:\/\/diegraefin.net\/wp-content\/uploads\/Logo-ohne-Oval.png\",\"width\":600,\"height\":506,\"caption\":\"Die Gr\u00e4fin\"},\"image\":{\"@id\":\"https:\/\/diegraefin.ae\/#\/schema\/logo\/image\/\"},\"sameAs\":[\"https:\/\/www.facebook.com\/www.diegraefin.net\/\"]}]}<\/script>\n<meta property=\"og:availability\" content=\"instock\" \/>\n<meta property=\"product:availability\" content=\"instock\" \/>\n<meta property=\"product:retailer_item_id\" content=\"406024-1-1\" \/>\n<meta property=\"product:condition\" content=\"new\" \/>\n<!-- \/ Yoast SEO Premium plugin. -->","yoast_head_json":{"title":"Schl\u00fcsselanh\u00e4nger - Die Graefin","description":"Entdecke unseren einzigartigen handgefertigten Makramee Schl\u00fcsselanh\u00e4nger aus recyceltem Baumwollgarn!Jedes St\u00fcck ist mit Liebe und Sorgfalt von Hand gefertigt.","robots":{"index":"index","follow":"follow","max-snippet":"max-snippet:-1","max-image-preview":"max-image-preview:large","max-video-preview":"max-video-preview:-1"},"canonical":"https:\/\/diegraefin.ae\/de\/produkt\/schluesselanhaenger\/","og_locale":"de_DE","og_type":"article","og_title":"Schl\u00fcsselanh\u00e4nger","og_description":"Entdecke unseren einzigartigen handgefertigten Makramee Schl\u00fcsselanh\u00e4nger aus recyceltem Baumwollgarn!Jedes St\u00fcck ist mit Liebe und Sorgfalt von Hand gefertigt.","og_url":"https:\/\/diegraefin.ae\/de\/produkt\/schluesselanhaenger\/","og_site_name":"Die Graefin","article_publisher":"https:\/\/www.facebook.com\/www.diegraefin.net\/","article_modified_time":"2023-10-18T08:53:12+00:00","og_image":[{"width":1152,"height":1180,"url":"https:\/\/diegraefin.ae\/wp-content\/uploads\/Schluesselanhaenger-Image-1.jpg","type":"image\/jpeg"}],"twitter_card":"summary_large_image","twitter_misc":{"Verf\u00fcgbarkeit":"Auf Lager"},"schema":{"@context":"https:\/\/schema.org","@graph":[{"@type":"WebPage","@id":"https:\/\/diegraefin.ae\/de\/produkt\/schluesselanhaenger\/","url":"https:\/\/diegraefin.ae\/de\/produkt\/schluesselanhaenger\/","name":"Schl\u00fcsselanh\u00e4nger - Die Graefin","isPartOf":{"@id":"https:\/\/diegraefin.ae\/#website"},"primaryImageOfPage":{"@id":"https:\/\/diegraefin.ae\/de\/produkt\/schluesselanhaenger\/#primaryimage"},"image":{"@id":"https:\/\/diegraefin.ae\/de\/produkt\/schluesselanhaenger\/#primaryimage"},"thumbnailUrl":"https:\/\/diegraefin.ae\/wp-content\/uploads\/Schluesselanhaenger-Image-1.jpg","datePublished":"2023-10-18T08:39:51+00:00","dateModified":"2023-10-18T08:53:12+00:00","description":"Entdecke unseren einzigartigen handgefertigten Makramee Schl\u00fcsselanh\u00e4nger aus recyceltem Baumwollgarn!Jedes St\u00fcck ist mit Liebe und Sorgfalt von Hand gefertigt.","breadcrumb":{"@id":"https:\/\/diegraefin.ae\/de\/produkt\/schluesselanhaenger\/#breadcrumb"},"inLanguage":"de","potentialAction":[{"@type":"ReadAction","target":["https:\/\/diegraefin.ae\/de\/produkt\/schluesselanhaenger\/"]}]},{"@type":"ImageObject","inLanguage":"de","@id":"https:\/\/diegraefin.ae\/de\/produkt\/schluesselanhaenger\/#primaryimage","url":"https:\/\/diegraefin.ae\/wp-content\/uploads\/Schluesselanhaenger-Image-1.jpg","contentUrl":"https:\/\/diegraefin.ae\/wp-content\/uploads\/Schluesselanhaenger-Image-1.jpg","width":1152,"height":1180},{"@type":"BreadcrumbList","@id":"https:\/\/diegraefin.ae\/de\/produkt\/schluesselanhaenger\/#breadcrumb","itemListElement":[{"@type":"ListItem","position":1,"name":"Die Gr\u00e4fin","item":"https:\/\/diegraefin.ae\/de\/"},{"@type":"ListItem","position":2,"name":"Shop","item":"https:\/\/diegraefin.ae\/de\/?page_id=6"},{"@type":"ListItem","position":3,"name":"Schl\u00fcsselanh\u00e4nger"}]},{"@type":"WebSite","@id":"https:\/\/diegraefin.ae\/#website","url":"https:\/\/diegraefin.ae\/","name":"Die Graefin","description":"Cuddly toys made from organic cotton and organic merino wool","publisher":{"@id":"https:\/\/diegraefin.ae\/#organization"},"potentialAction":[{"@type":"SearchAction","target":{"@type":"EntryPoint","urlTemplate":"https:\/\/diegraefin.ae\/?s={search_term_string}"},"query-input":"required name=search_term_string"}],"inLanguage":"de"},{"@type":"Organization","@id":"https:\/\/diegraefin.ae\/#organization","name":"Die Gr\u00e4fin","url":"https:\/\/diegraefin.ae\/","logo":{"@type":"ImageObject","inLanguage":"de","@id":"https:\/\/diegraefin.ae\/#\/schema\/logo\/image\/","url":"https:\/\/diegraefin.net\/wp-content\/uploads\/Logo-ohne-Oval.png","contentUrl":"https:\/\/diegraefin.net\/wp-content\/uploads\/Logo-ohne-Oval.png","width":600,"height":506,"caption":"Die Gr\u00e4fin"},"image":{"@id":"https:\/\/diegraefin.ae\/#\/schema\/logo\/image\/"},"sameAs":["https:\/\/www.facebook.com\/www.diegraefin.net\/"]}]},"og_availability":"instock","product_availability":"instock","product_retailer_item_id":"406024-1-1","product_condition":"new"},"_links":{"self":[{"href":"https:\/\/diegraefin.ae\/de\/wp-json\/wp\/v2\/product\/31996"}],"collection":[{"href":"https:\/\/diegraefin.ae\/de\/wp-json\/wp\/v2\/product"}],"about":[{"href":"https:\/\/diegraefin.ae\/de\/wp-json\/wp\/v2\/types\/product"}],"wp:featuredmedia":[{"embeddable":true,"href":"https:\/\/diegraefin.ae\/de\/wp-json\/wp\/v2\/media\/32102"}],"wp:attachment":[{"href":"https:\/\/diegraefin.ae\/de\/wp-json\/wp\/v2\/media?parent=31996"}],"wp:term":[{"taxonomy":"product_cat","embeddable":true,"href":"https:\/\/diegraefin.ae\/de\/wp-json\/wp\/v2\/product_cat?post=31996"},{"taxonomy":"product_tag","embeddable":true,"href":"https:\/\/diegraefin.ae\/de\/wp-json\/wp\/v2\/product_tag?post=31996"}],"curies":[{"name":"wp","href":"https:\/\/api.w.org\/{rel}","templated":true}]}}