{"id":29168,"date":"2023-06-06T09:16:41","date_gmt":"2023-06-06T09:16:41","guid":{"rendered":"https:\/\/diegraefin.net\/?post_type=product&#038;p=29168"},"modified":"2023-06-26T07:14:48","modified_gmt":"2023-06-26T07:14:48","slug":"kindergartenrucksack-neon","status":"publish","type":"product","link":"https:\/\/diegraefin.ae\/de\/produkt\/kindergartenrucksack-neon\/","title":{"rendered":"Kindergartenrucksack Neon"},"content":{"rendered":"<p>&nbsp;<\/p>\n<h2>Kindergartenrucksack NEON ganz nach Deinem Geschmack<\/h2>\n<p class=\"\">Entdecke den angesagtesten Begleiter f\u00fcr kleine Abenteurer &#8211; unsere stylischen und coolen Kindergarten Rucks\u00e4cke!<\/p>\n<p class=\"\">Tauche ein in die aufregende Welt der Neonfarben! Unsere Stickereien in leuchtenden Neonfarben sind der absolute Hingucker auf unseren Kindergarten Rucks\u00e4cken. <span style=\"font-size: 14.4px;\">Mit den lebendigen Neonfarben strahlen die Stickereien f\u00f6rmlich aus dem Stoff heraus und bringen jedes Motiv zum Leben.<\/span><\/p>\n<div class=\"\">\n<p class=\"\">Also lass dein Kind mit unseren Rucks\u00e4cken und den einzigartigen Neonstickereien zum leuchtenden Star des Kindergartens werden. Mit unseren Neonfarben wird jeder Tag zu einem Festival der Farben! <span style=\"font-size: 14.4px;\">Mit ihrem trendigen Design und praktischen Funktionen werden sie zum unverzichtbaren Accessoire f\u00fcr kleine Trendsetter.<\/span><\/p>\n<\/div>\n<p class=\"\">Unsere Rucks\u00e4cke sind nicht nur h\u00fcbsch anzusehen, sondern auch super funktional. Sie bieten gen\u00fcgend Platz f\u00fcr all die wichtigen Dinge, die dein Kind im Kindergarten braucht. Von der Brotdose \u00fcber die Trinkflasche bis hin zum Lieblingskuscheltier &#8211; alles findet seinen Platz in unseren cleveren F\u00e4chern und Taschen.<\/p>\n<p class=\"\">Aber nicht nur das Innere z\u00e4hlt! Unsere Kindergarten Rucks\u00e4cke sind aus hochwertigen Materialien gefertigt, die den wilden Abenteuern standhalten. Egal, ob es durch den Wald streift, den Spielplatz erobert oder im Kindergarten herumtobt &#8211; unsere Rucks\u00e4cke sind bereit f\u00fcr jedes Abenteuer.<\/p>\n<p class=\"\">Dank der verstellbaren und gepolsterten Tr\u00e4ger sitzt der Rucksack bequem auf den Schultern deines Kindes. Das entlastet den R\u00fccken und sorgt daf\u00fcr, dass es den ganzen Tag \u00fcber stylisch und cool aussieht. Oder aber Du verwendest den mitgelieferten Schulterriemen und der Rucksack wird im Handumdrehen zur Umh\u00e4ngetasche.<\/p>\n<p class=\"\">Neonstickerei: es gibt 6 Farbvarianten in Teddypl\u00fcsch creme &amp; das gleiche dann noch in Teddypl\u00fcsch Leoprint<\/p>\n<p>&nbsp;<\/p>\n","protected":false},"excerpt":{"rendered":"<hr \/>\n<p>\u2605 robust und strapazierf\u00e4hig<\/p>\n<p>\u2605 Maschinenw\u00e4sche 30\u00b0C<\/p>\n<p>\u2605 Rucksack oder Umh\u00e4ngetasche<\/p>\n<p>\u2605 Platz f\u00fcr Brotdose und Trinkflasche<\/p>\n","protected":false},"featured_media":29447,"template":"","meta":[],"product_cat":[572,40],"product_tag":[41,39,46,45],"yoast_head":"<!-- This site is optimized with the Yoast SEO Premium plugin v22.5 (Yoast SEO v22.5) - https:\/\/yoast.com\/wordpress\/plugins\/seo\/ -->\n<title>Kindergartenrucksack NEON kaufen - Die Gr\u00e4fin<\/title>\n<meta name=\"description\" content=\"Kindergartenrucksack Neon Personalisierbar. Mit Namen. Kann als Rucksack oder Umh\u00e4ngetasche verwendet werden\" \/>\n<meta name=\"robots\" content=\"index, follow, max-snippet:-1, max-image-preview:large, max-video-preview:-1\" \/>\n<link rel=\"canonical\" href=\"https:\/\/diegraefin.ae\/de\/produkt\/kindergartenrucksack-neon\/\" \/>\n<meta property=\"og:locale\" content=\"de_DE\" \/>\n<meta property=\"og:type\" content=\"article\" \/>\n<meta property=\"og:title\" content=\"Kindergartenrucksack Neon\" \/>\n<meta property=\"og:description\" content=\"Kindergartenrucksack Neon Personalisierbar. Mit Namen. Kann als Rucksack oder Umh\u00e4ngetasche verwendet werden\" \/>\n<meta property=\"og:url\" content=\"https:\/\/diegraefin.ae\/de\/produkt\/kindergartenrucksack-neon\/\" \/>\n<meta property=\"og:site_name\" content=\"Die Graefin\" \/>\n<meta property=\"article:publisher\" content=\"https:\/\/www.facebook.com\/www.diegraefin.net\/\" \/>\n<meta property=\"article:modified_time\" content=\"2023-06-26T07:14:48+00:00\" \/>\n<meta property=\"og:image\" content=\"https:\/\/diegraefin.ae\/wp-content\/uploads\/Monogramm-Pink-Name-Orange.png\" \/>\n\t<meta property=\"og:image:width\" content=\"1080\" \/>\n\t<meta property=\"og:image:height\" content=\"1080\" \/>\n\t<meta property=\"og:image:type\" content=\"image\/png\" \/>\n<meta name=\"twitter:card\" content=\"summary_large_image\" \/>\n<meta name=\"twitter:label1\" content=\"Preis\" \/>\n\t<meta name=\"twitter:data1\" content=\"36,00&nbsp;&euro;\" \/>\n\t<meta name=\"twitter:label2\" content=\"Verf\u00fcgbarkeit\" \/>\n\t<meta name=\"twitter:data2\" content=\"Auf Lager\" \/>\n<script type=\"application\/ld+json\" class=\"yoast-schema-graph\">{\"@context\":\"https:\/\/schema.org\",\"@graph\":[{\"@type\":\"WebPage\",\"@id\":\"https:\/\/diegraefin.ae\/de\/produkt\/kindergartenrucksack-neon\/\",\"url\":\"https:\/\/diegraefin.ae\/de\/produkt\/kindergartenrucksack-neon\/\",\"name\":\"Kindergartenrucksack NEON kaufen - Die Gr\u00e4fin\",\"isPartOf\":{\"@id\":\"https:\/\/diegraefin.ae\/#website\"},\"primaryImageOfPage\":{\"@id\":\"https:\/\/diegraefin.ae\/de\/produkt\/kindergartenrucksack-neon\/#primaryimage\"},\"image\":{\"@id\":\"https:\/\/diegraefin.ae\/de\/produkt\/kindergartenrucksack-neon\/#primaryimage\"},\"thumbnailUrl\":\"https:\/\/diegraefin.ae\/wp-content\/uploads\/Monogramm-Pink-Name-Orange.png\",\"datePublished\":\"2023-06-06T09:16:41+00:00\",\"dateModified\":\"2023-06-26T07:14:48+00:00\",\"description\":\"Kindergartenrucksack Neon Personalisierbar. Mit Namen. Kann als Rucksack oder Umh\u00e4ngetasche verwendet werden\",\"breadcrumb\":{\"@id\":\"https:\/\/diegraefin.ae\/de\/produkt\/kindergartenrucksack-neon\/#breadcrumb\"},\"inLanguage\":\"de\",\"potentialAction\":[{\"@type\":\"ReadAction\",\"target\":[\"https:\/\/diegraefin.ae\/de\/produkt\/kindergartenrucksack-neon\/\"]}]},{\"@type\":\"ImageObject\",\"inLanguage\":\"de\",\"@id\":\"https:\/\/diegraefin.ae\/de\/produkt\/kindergartenrucksack-neon\/#primaryimage\",\"url\":\"https:\/\/diegraefin.ae\/wp-content\/uploads\/Monogramm-Pink-Name-Orange.png\",\"contentUrl\":\"https:\/\/diegraefin.ae\/wp-content\/uploads\/Monogramm-Pink-Name-Orange.png\",\"width\":1080,\"height\":1080},{\"@type\":\"BreadcrumbList\",\"@id\":\"https:\/\/diegraefin.ae\/de\/produkt\/kindergartenrucksack-neon\/#breadcrumb\",\"itemListElement\":[{\"@type\":\"ListItem\",\"position\":1,\"name\":\"Die Gr\u00e4fin\",\"item\":\"https:\/\/diegraefin.ae\/de\/\"},{\"@type\":\"ListItem\",\"position\":2,\"name\":\"Shop\",\"item\":\"https:\/\/diegraefin.ae\/de\/?page_id=6\"},{\"@type\":\"ListItem\",\"position\":3,\"name\":\"Kindergartenrucksack Neon\"}]},{\"@type\":\"WebSite\",\"@id\":\"https:\/\/diegraefin.ae\/#website\",\"url\":\"https:\/\/diegraefin.ae\/\",\"name\":\"Die Graefin\",\"description\":\"Cuddly toys made from organic cotton and organic merino wool\",\"publisher\":{\"@id\":\"https:\/\/diegraefin.ae\/#organization\"},\"potentialAction\":[{\"@type\":\"SearchAction\",\"target\":{\"@type\":\"EntryPoint\",\"urlTemplate\":\"https:\/\/diegraefin.ae\/?s={search_term_string}\"},\"query-input\":\"required name=search_term_string\"}],\"inLanguage\":\"de\"},{\"@type\":\"Organization\",\"@id\":\"https:\/\/diegraefin.ae\/#organization\",\"name\":\"Die Gr\u00e4fin\",\"url\":\"https:\/\/diegraefin.ae\/\",\"logo\":{\"@type\":\"ImageObject\",\"inLanguage\":\"de\",\"@id\":\"https:\/\/diegraefin.ae\/#\/schema\/logo\/image\/\",\"url\":\"https:\/\/diegraefin.net\/wp-content\/uploads\/Logo-ohne-Oval.png\",\"contentUrl\":\"https:\/\/diegraefin.net\/wp-content\/uploads\/Logo-ohne-Oval.png\",\"width\":600,\"height\":506,\"caption\":\"Die Gr\u00e4fin\"},\"image\":{\"@id\":\"https:\/\/diegraefin.ae\/#\/schema\/logo\/image\/\"},\"sameAs\":[\"https:\/\/www.facebook.com\/www.diegraefin.net\/\"]}]}<\/script>\n<meta property=\"product:brand\" content=\"Die Gr\u00e4fin\" \/>\n<meta property=\"product:price:amount\" content=\"36.00\" \/>\n<meta property=\"product:price:currency\" content=\"EUR\" \/>\n<meta property=\"og:availability\" content=\"instock\" \/>\n<meta property=\"product:availability\" content=\"instock\" \/>\n<meta property=\"product:retailer_item_id\" content=\"403027-1-2\" \/>\n<meta property=\"product:condition\" content=\"new\" \/>\n<!-- \/ Yoast SEO Premium plugin. -->","yoast_head_json":{"title":"Kindergartenrucksack NEON kaufen - Die Gr\u00e4fin","description":"Kindergartenrucksack Neon Personalisierbar. Mit Namen. Kann als Rucksack oder Umh\u00e4ngetasche verwendet werden","robots":{"index":"index","follow":"follow","max-snippet":"max-snippet:-1","max-image-preview":"max-image-preview:large","max-video-preview":"max-video-preview:-1"},"canonical":"https:\/\/diegraefin.ae\/de\/produkt\/kindergartenrucksack-neon\/","og_locale":"de_DE","og_type":"article","og_title":"Kindergartenrucksack Neon","og_description":"Kindergartenrucksack Neon Personalisierbar. Mit Namen. Kann als Rucksack oder Umh\u00e4ngetasche verwendet werden","og_url":"https:\/\/diegraefin.ae\/de\/produkt\/kindergartenrucksack-neon\/","og_site_name":"Die Graefin","article_publisher":"https:\/\/www.facebook.com\/www.diegraefin.net\/","article_modified_time":"2023-06-26T07:14:48+00:00","og_image":[{"width":1080,"height":1080,"url":"https:\/\/diegraefin.ae\/wp-content\/uploads\/Monogramm-Pink-Name-Orange.png","type":"image\/png"}],"twitter_card":"summary_large_image","twitter_misc":{"Preis":"36,00&nbsp;&euro;","Verf\u00fcgbarkeit":"Auf Lager"},"schema":{"@context":"https:\/\/schema.org","@graph":[{"@type":"WebPage","@id":"https:\/\/diegraefin.ae\/de\/produkt\/kindergartenrucksack-neon\/","url":"https:\/\/diegraefin.ae\/de\/produkt\/kindergartenrucksack-neon\/","name":"Kindergartenrucksack NEON kaufen - Die Gr\u00e4fin","isPartOf":{"@id":"https:\/\/diegraefin.ae\/#website"},"primaryImageOfPage":{"@id":"https:\/\/diegraefin.ae\/de\/produkt\/kindergartenrucksack-neon\/#primaryimage"},"image":{"@id":"https:\/\/diegraefin.ae\/de\/produkt\/kindergartenrucksack-neon\/#primaryimage"},"thumbnailUrl":"https:\/\/diegraefin.ae\/wp-content\/uploads\/Monogramm-Pink-Name-Orange.png","datePublished":"2023-06-06T09:16:41+00:00","dateModified":"2023-06-26T07:14:48+00:00","description":"Kindergartenrucksack Neon Personalisierbar. Mit Namen. Kann als Rucksack oder Umh\u00e4ngetasche verwendet werden","breadcrumb":{"@id":"https:\/\/diegraefin.ae\/de\/produkt\/kindergartenrucksack-neon\/#breadcrumb"},"inLanguage":"de","potentialAction":[{"@type":"ReadAction","target":["https:\/\/diegraefin.ae\/de\/produkt\/kindergartenrucksack-neon\/"]}]},{"@type":"ImageObject","inLanguage":"de","@id":"https:\/\/diegraefin.ae\/de\/produkt\/kindergartenrucksack-neon\/#primaryimage","url":"https:\/\/diegraefin.ae\/wp-content\/uploads\/Monogramm-Pink-Name-Orange.png","contentUrl":"https:\/\/diegraefin.ae\/wp-content\/uploads\/Monogramm-Pink-Name-Orange.png","width":1080,"height":1080},{"@type":"BreadcrumbList","@id":"https:\/\/diegraefin.ae\/de\/produkt\/kindergartenrucksack-neon\/#breadcrumb","itemListElement":[{"@type":"ListItem","position":1,"name":"Die Gr\u00e4fin","item":"https:\/\/diegraefin.ae\/de\/"},{"@type":"ListItem","position":2,"name":"Shop","item":"https:\/\/diegraefin.ae\/de\/?page_id=6"},{"@type":"ListItem","position":3,"name":"Kindergartenrucksack Neon"}]},{"@type":"WebSite","@id":"https:\/\/diegraefin.ae\/#website","url":"https:\/\/diegraefin.ae\/","name":"Die Graefin","description":"Cuddly toys made from organic cotton and organic merino wool","publisher":{"@id":"https:\/\/diegraefin.ae\/#organization"},"potentialAction":[{"@type":"SearchAction","target":{"@type":"EntryPoint","urlTemplate":"https:\/\/diegraefin.ae\/?s={search_term_string}"},"query-input":"required name=search_term_string"}],"inLanguage":"de"},{"@type":"Organization","@id":"https:\/\/diegraefin.ae\/#organization","name":"Die Gr\u00e4fin","url":"https:\/\/diegraefin.ae\/","logo":{"@type":"ImageObject","inLanguage":"de","@id":"https:\/\/diegraefin.ae\/#\/schema\/logo\/image\/","url":"https:\/\/diegraefin.net\/wp-content\/uploads\/Logo-ohne-Oval.png","contentUrl":"https:\/\/diegraefin.net\/wp-content\/uploads\/Logo-ohne-Oval.png","width":600,"height":506,"caption":"Die Gr\u00e4fin"},"image":{"@id":"https:\/\/diegraefin.ae\/#\/schema\/logo\/image\/"},"sameAs":["https:\/\/www.facebook.com\/www.diegraefin.net\/"]}]},"product_brand":"Die Gr\u00e4fin","product_price_amount":"36.00","product_price_currency":"EUR","og_availability":"instock","product_availability":"instock","product_retailer_item_id":"403027-1-2","product_condition":"new"},"_links":{"self":[{"href":"https:\/\/diegraefin.ae\/de\/wp-json\/wp\/v2\/product\/29168"}],"collection":[{"href":"https:\/\/diegraefin.ae\/de\/wp-json\/wp\/v2\/product"}],"about":[{"href":"https:\/\/diegraefin.ae\/de\/wp-json\/wp\/v2\/types\/product"}],"wp:featuredmedia":[{"embeddable":true,"href":"https:\/\/diegraefin.ae\/de\/wp-json\/wp\/v2\/media\/29447"}],"wp:attachment":[{"href":"https:\/\/diegraefin.ae\/de\/wp-json\/wp\/v2\/media?parent=29168"}],"wp:term":[{"taxonomy":"product_cat","embeddable":true,"href":"https:\/\/diegraefin.ae\/de\/wp-json\/wp\/v2\/product_cat?post=29168"},{"taxonomy":"product_tag","embeddable":true,"href":"https:\/\/diegraefin.ae\/de\/wp-json\/wp\/v2\/product_tag?post=29168"}],"curies":[{"name":"wp","href":"https:\/\/api.w.org\/{rel}","templated":true}]}}