{"id":24264,"date":"2022-10-06T15:23:22","date_gmt":"2022-10-06T15:23:22","guid":{"rendered":"https:\/\/diegraefin.net\/?post_type=product&#038;p=24264"},"modified":"2023-06-26T07:18:17","modified_gmt":"2023-06-26T07:18:17","slug":"schafwollkissen","status":"publish","type":"product","link":"https:\/\/diegraefin.ae\/de\/produkt\/schafwollkissen\/","title":{"rendered":"Schafwollkissen 60&#215;40 cm"},"content":{"rendered":"<div>\t<div id=\"gap-1088925142\" class=\"gap-element clearfix\" style=\"display:block; height:auto;\">\n\t\t\n<style>\n#gap-1088925142 {\n  padding-top: 15px;\n}\n<\/style>\n\t<\/div>\n\t<\/div>\n<p>F\u00fcr unsere Schafwollkissen verwenden wir ausschlie\u00dflich heimische Merinowolle.Die Merinowollf\u00fcllung bereitet ein angenehmes und trockenes Schlafklima. Die Bez\u00fcge unserer Kissen bestehen aus 100% Musselin Bio-Baumwolle.<br \/>\nEine unvergleichlich weiche Haptik unserer Musselinstoffe, zeigt sich stilvoll in feinen gedeckten Farben. Der abnehmbare Bezug und entspricht dem OEKO-TEX Standard.Das Besondere: Das Inlet ist aus einem Lammbezug aus naturbelassenen Schurwollflor und gef\u00fcllt mit Merinowolle.<br \/>\nEs kann sogar in der Waschmaschine, im Wollprogramm gewaschen werden. Das Merinowollflies muss vorher entnommen werden.Wolle wirkt isolierend gegen K\u00e4lte und Hitze, das hei\u00dft:<br \/>\nIm Winter h\u00e4lt sie uns wohlig warm und im Sommer wirkt sie k\u00fchlend.<br \/>\nUnsere Schafwollkissen versprechen optimalen Temperaturausgleich, hohe Atmungsaktivit\u00e4t und ausgezeichneten Feuchtigkeitstransport f\u00fcr ein tolles Gef\u00fchl.F\u00fcr Allergiker eignen sich unsere Kissen besonders, da Merinowolle antibakteriell wirkt.<\/p>\n<div>\t<div id=\"gap-1887896787\" class=\"gap-element clearfix\" style=\"display:block; height:auto;\">\n\t\t\n<style>\n#gap-1887896787 {\n  padding-top: 15px;\n}\n<\/style>\n\t<\/div>\n\t<\/div>\n<h3>PRODUKTEIGENSCHAFTEN<\/h3>\n<ul>\n<li><b>Gr\u00f6\u00dfe:\u00a0 <\/b>60 x 40cm<\/li>\n<li><b>Material des Kissenbezugs: <\/b> Musselin 100% Bio-Baumwolle &#8211; \u00d6kotex Standard<\/li>\n<li><b>F\u00fcllung:<\/b> 100% Merino-Schafwolle<\/li>\n<li><b>Extras:<\/b> hochwertiger Rei\u00dfverschluss<\/li>\n<li><b>Herstellung:<\/b> in Deutschland<\/li>\n<li><b>Pflege: <\/b>Bezug 60\u00b0C, Inlet: Lammbezug Wollprogramm<\/li>\n<\/ul>\n<h3>BESTELLUNGEN VON PRIVATKUNDEN<\/h3>\n<ul>\n<li><b>Bezahlung:<\/b>sichere Zahlung durch Paypal oder Bank\u00fcberweisung<\/li>\n<li><b>Lieferung:<\/b> innerhalb von 4 &#8211; 5 Werktagen nach Zahlungseingang<\/li>\n<li><b>R\u00fcckgabe: <\/b>innerhalb von 14 Tagen f\u00fcr Kissen ohne Namensbestickung<\/li>\n<li><b>Kundenbewertungen: <\/b>Produktbewertungen in diesem Shop nach Registrierung und Anmeldung oder generelle Bewertung bei Einwilligung in eine ShopVote Befragung nach einer Bestellung<\/li>\n<\/ul>\n<p>&nbsp;<\/p>\n","protected":false},"excerpt":{"rendered":"<hr \/>\n<p><span style=\"color: #364755;\">\u2729 60&#215;40 cm \u2729 F\u00fcllung 100% Merinowolle \u2729 Hochwertiger Rei\u00dfverschluss \u2729 individuell bestickte Beschriftungen<\/span><\/p>\n","protected":false},"featured_media":23638,"template":"","meta":[],"product_cat":[570,580],"product_tag":[],"yoast_head":"<!-- This site is optimized with the Yoast SEO Premium plugin v22.5 (Yoast SEO v22.5) - https:\/\/yoast.com\/wordpress\/plugins\/seo\/ -->\n<title>Gro\u00dfes Schafwollkissen. W\u00e4hle jetzt deine Farbe - Die Gr\u00e4fin<\/title>\n<meta name=\"description\" content=\"Individuell besticktes 60x40cm Kissen. Hochwertig und nachhaltig verarbeitet. Mit 100% Merinowolle F\u00fcllung. W\u00e4hle deine Farbe. Jetzt Online bestellen.\" \/>\n<meta name=\"robots\" content=\"index, follow, max-snippet:-1, max-image-preview:large, max-video-preview:-1\" \/>\n<link rel=\"canonical\" href=\"https:\/\/diegraefin.ae\/de\/produkt\/schafwollkissen\/\" \/>\n<meta property=\"og:locale\" content=\"de_DE\" \/>\n<meta property=\"og:type\" content=\"article\" \/>\n<meta property=\"og:title\" content=\"Schafwollkissen 60x40 cm\" \/>\n<meta property=\"og:description\" content=\"Individuell besticktes 60x40cm Kissen. Hochwertig und nachhaltig verarbeitet. Mit 100% Merinowolle F\u00fcllung. W\u00e4hle deine Farbe. Jetzt Online bestellen.\" \/>\n<meta property=\"og:url\" content=\"https:\/\/diegraefin.ae\/de\/produkt\/schafwollkissen\/\" \/>\n<meta property=\"og:site_name\" content=\"Die Graefin\" \/>\n<meta property=\"article:publisher\" content=\"https:\/\/www.facebook.com\/www.diegraefin.net\/\" \/>\n<meta property=\"article:modified_time\" content=\"2023-06-26T07:18:17+00:00\" \/>\n<meta property=\"og:image\" content=\"https:\/\/diegraefin.ae\/wp-content\/uploads\/schafwollkissen.jpg\" \/>\n\t<meta property=\"og:image:width\" content=\"1168\" \/>\n\t<meta property=\"og:image:height\" content=\"1128\" \/>\n\t<meta property=\"og:image:type\" content=\"image\/jpeg\" \/>\n<meta name=\"twitter:card\" content=\"summary_large_image\" \/>\n<meta name=\"twitter:label1\" content=\"Preis\" \/>\n\t<meta name=\"twitter:data1\" content=\"69,00&nbsp;&euro;\" \/>\n\t<meta name=\"twitter:label2\" content=\"Verf\u00fcgbarkeit\" \/>\n\t<meta name=\"twitter:data2\" content=\"Auf Lager\" \/>\n<script type=\"application\/ld+json\" class=\"yoast-schema-graph\">{\"@context\":\"https:\/\/schema.org\",\"@graph\":[{\"@type\":\"WebPage\",\"@id\":\"https:\/\/diegraefin.ae\/de\/produkt\/schafwollkissen\/\",\"url\":\"https:\/\/diegraefin.ae\/de\/produkt\/schafwollkissen\/\",\"name\":\"Gro\u00dfes Schafwollkissen. W\u00e4hle jetzt deine Farbe - Die Gr\u00e4fin\",\"isPartOf\":{\"@id\":\"https:\/\/diegraefin.ae\/#website\"},\"primaryImageOfPage\":{\"@id\":\"https:\/\/diegraefin.ae\/de\/produkt\/schafwollkissen\/#primaryimage\"},\"image\":{\"@id\":\"https:\/\/diegraefin.ae\/de\/produkt\/schafwollkissen\/#primaryimage\"},\"thumbnailUrl\":\"https:\/\/diegraefin.ae\/wp-content\/uploads\/schafwollkissen.jpg\",\"datePublished\":\"2022-10-06T15:23:22+00:00\",\"dateModified\":\"2023-06-26T07:18:17+00:00\",\"description\":\"Individuell besticktes 60x40cm Kissen. Hochwertig und nachhaltig verarbeitet. Mit 100% Merinowolle F\u00fcllung. W\u00e4hle deine Farbe. Jetzt Online bestellen.\",\"breadcrumb\":{\"@id\":\"https:\/\/diegraefin.ae\/de\/produkt\/schafwollkissen\/#breadcrumb\"},\"inLanguage\":\"de\",\"potentialAction\":[{\"@type\":\"ReadAction\",\"target\":[\"https:\/\/diegraefin.ae\/de\/produkt\/schafwollkissen\/\"]}]},{\"@type\":\"ImageObject\",\"inLanguage\":\"de\",\"@id\":\"https:\/\/diegraefin.ae\/de\/produkt\/schafwollkissen\/#primaryimage\",\"url\":\"https:\/\/diegraefin.ae\/wp-content\/uploads\/schafwollkissen.jpg\",\"contentUrl\":\"https:\/\/diegraefin.ae\/wp-content\/uploads\/schafwollkissen.jpg\",\"width\":1168,\"height\":1128},{\"@type\":\"BreadcrumbList\",\"@id\":\"https:\/\/diegraefin.ae\/de\/produkt\/schafwollkissen\/#breadcrumb\",\"itemListElement\":[{\"@type\":\"ListItem\",\"position\":1,\"name\":\"Die Gr\u00e4fin\",\"item\":\"https:\/\/diegraefin.ae\/de\/\"},{\"@type\":\"ListItem\",\"position\":2,\"name\":\"Shop\",\"item\":\"https:\/\/diegraefin.ae\/de\/?page_id=6\"},{\"@type\":\"ListItem\",\"position\":3,\"name\":\"Schafwollkissen 60&#215;40 cm\"}]},{\"@type\":\"WebSite\",\"@id\":\"https:\/\/diegraefin.ae\/#website\",\"url\":\"https:\/\/diegraefin.ae\/\",\"name\":\"Die Graefin\",\"description\":\"Cuddly toys made from organic cotton and organic merino wool\",\"publisher\":{\"@id\":\"https:\/\/diegraefin.ae\/#organization\"},\"potentialAction\":[{\"@type\":\"SearchAction\",\"target\":{\"@type\":\"EntryPoint\",\"urlTemplate\":\"https:\/\/diegraefin.ae\/?s={search_term_string}\"},\"query-input\":\"required name=search_term_string\"}],\"inLanguage\":\"de\"},{\"@type\":\"Organization\",\"@id\":\"https:\/\/diegraefin.ae\/#organization\",\"name\":\"Die Gr\u00e4fin\",\"url\":\"https:\/\/diegraefin.ae\/\",\"logo\":{\"@type\":\"ImageObject\",\"inLanguage\":\"de\",\"@id\":\"https:\/\/diegraefin.ae\/#\/schema\/logo\/image\/\",\"url\":\"https:\/\/diegraefin.net\/wp-content\/uploads\/Logo-ohne-Oval.png\",\"contentUrl\":\"https:\/\/diegraefin.net\/wp-content\/uploads\/Logo-ohne-Oval.png\",\"width\":600,\"height\":506,\"caption\":\"Die Gr\u00e4fin\"},\"image\":{\"@id\":\"https:\/\/diegraefin.ae\/#\/schema\/logo\/image\/\"},\"sameAs\":[\"https:\/\/www.facebook.com\/www.diegraefin.net\/\"]}]}<\/script>\n<meta property=\"product:price:amount\" content=\"69.00\" \/>\n<meta property=\"product:price:currency\" content=\"EUR\" \/>\n<meta property=\"og:availability\" content=\"instock\" \/>\n<meta property=\"product:availability\" content=\"instock\" \/>\n<meta property=\"product:condition\" content=\"new\" \/>\n<!-- \/ Yoast SEO Premium plugin. -->","yoast_head_json":{"title":"Gro\u00dfes Schafwollkissen. W\u00e4hle jetzt deine Farbe - Die Gr\u00e4fin","description":"Individuell besticktes 60x40cm Kissen. Hochwertig und nachhaltig verarbeitet. Mit 100% Merinowolle F\u00fcllung. W\u00e4hle deine Farbe. Jetzt Online bestellen.","robots":{"index":"index","follow":"follow","max-snippet":"max-snippet:-1","max-image-preview":"max-image-preview:large","max-video-preview":"max-video-preview:-1"},"canonical":"https:\/\/diegraefin.ae\/de\/produkt\/schafwollkissen\/","og_locale":"de_DE","og_type":"article","og_title":"Schafwollkissen 60x40 cm","og_description":"Individuell besticktes 60x40cm Kissen. Hochwertig und nachhaltig verarbeitet. Mit 100% Merinowolle F\u00fcllung. W\u00e4hle deine Farbe. Jetzt Online bestellen.","og_url":"https:\/\/diegraefin.ae\/de\/produkt\/schafwollkissen\/","og_site_name":"Die Graefin","article_publisher":"https:\/\/www.facebook.com\/www.diegraefin.net\/","article_modified_time":"2023-06-26T07:18:17+00:00","og_image":[{"width":1168,"height":1128,"url":"https:\/\/diegraefin.ae\/wp-content\/uploads\/schafwollkissen.jpg","type":"image\/jpeg"}],"twitter_card":"summary_large_image","twitter_misc":{"Preis":"69,00&nbsp;&euro;","Verf\u00fcgbarkeit":"Auf Lager"},"schema":{"@context":"https:\/\/schema.org","@graph":[{"@type":"WebPage","@id":"https:\/\/diegraefin.ae\/de\/produkt\/schafwollkissen\/","url":"https:\/\/diegraefin.ae\/de\/produkt\/schafwollkissen\/","name":"Gro\u00dfes Schafwollkissen. W\u00e4hle jetzt deine Farbe - Die Gr\u00e4fin","isPartOf":{"@id":"https:\/\/diegraefin.ae\/#website"},"primaryImageOfPage":{"@id":"https:\/\/diegraefin.ae\/de\/produkt\/schafwollkissen\/#primaryimage"},"image":{"@id":"https:\/\/diegraefin.ae\/de\/produkt\/schafwollkissen\/#primaryimage"},"thumbnailUrl":"https:\/\/diegraefin.ae\/wp-content\/uploads\/schafwollkissen.jpg","datePublished":"2022-10-06T15:23:22+00:00","dateModified":"2023-06-26T07:18:17+00:00","description":"Individuell besticktes 60x40cm Kissen. Hochwertig und nachhaltig verarbeitet. Mit 100% Merinowolle F\u00fcllung. W\u00e4hle deine Farbe. Jetzt Online bestellen.","breadcrumb":{"@id":"https:\/\/diegraefin.ae\/de\/produkt\/schafwollkissen\/#breadcrumb"},"inLanguage":"de","potentialAction":[{"@type":"ReadAction","target":["https:\/\/diegraefin.ae\/de\/produkt\/schafwollkissen\/"]}]},{"@type":"ImageObject","inLanguage":"de","@id":"https:\/\/diegraefin.ae\/de\/produkt\/schafwollkissen\/#primaryimage","url":"https:\/\/diegraefin.ae\/wp-content\/uploads\/schafwollkissen.jpg","contentUrl":"https:\/\/diegraefin.ae\/wp-content\/uploads\/schafwollkissen.jpg","width":1168,"height":1128},{"@type":"BreadcrumbList","@id":"https:\/\/diegraefin.ae\/de\/produkt\/schafwollkissen\/#breadcrumb","itemListElement":[{"@type":"ListItem","position":1,"name":"Die Gr\u00e4fin","item":"https:\/\/diegraefin.ae\/de\/"},{"@type":"ListItem","position":2,"name":"Shop","item":"https:\/\/diegraefin.ae\/de\/?page_id=6"},{"@type":"ListItem","position":3,"name":"Schafwollkissen 60&#215;40 cm"}]},{"@type":"WebSite","@id":"https:\/\/diegraefin.ae\/#website","url":"https:\/\/diegraefin.ae\/","name":"Die Graefin","description":"Cuddly toys made from organic cotton and organic merino wool","publisher":{"@id":"https:\/\/diegraefin.ae\/#organization"},"potentialAction":[{"@type":"SearchAction","target":{"@type":"EntryPoint","urlTemplate":"https:\/\/diegraefin.ae\/?s={search_term_string}"},"query-input":"required name=search_term_string"}],"inLanguage":"de"},{"@type":"Organization","@id":"https:\/\/diegraefin.ae\/#organization","name":"Die Gr\u00e4fin","url":"https:\/\/diegraefin.ae\/","logo":{"@type":"ImageObject","inLanguage":"de","@id":"https:\/\/diegraefin.ae\/#\/schema\/logo\/image\/","url":"https:\/\/diegraefin.net\/wp-content\/uploads\/Logo-ohne-Oval.png","contentUrl":"https:\/\/diegraefin.net\/wp-content\/uploads\/Logo-ohne-Oval.png","width":600,"height":506,"caption":"Die Gr\u00e4fin"},"image":{"@id":"https:\/\/diegraefin.ae\/#\/schema\/logo\/image\/"},"sameAs":["https:\/\/www.facebook.com\/www.diegraefin.net\/"]}]},"product_price_amount":"69.00","product_price_currency":"EUR","og_availability":"instock","product_availability":"instock","product_condition":"new"},"_links":{"self":[{"href":"https:\/\/diegraefin.ae\/de\/wp-json\/wp\/v2\/product\/24264"}],"collection":[{"href":"https:\/\/diegraefin.ae\/de\/wp-json\/wp\/v2\/product"}],"about":[{"href":"https:\/\/diegraefin.ae\/de\/wp-json\/wp\/v2\/types\/product"}],"wp:featuredmedia":[{"embeddable":true,"href":"https:\/\/diegraefin.ae\/de\/wp-json\/wp\/v2\/media\/23638"}],"wp:attachment":[{"href":"https:\/\/diegraefin.ae\/de\/wp-json\/wp\/v2\/media?parent=24264"}],"wp:term":[{"taxonomy":"product_cat","embeddable":true,"href":"https:\/\/diegraefin.ae\/de\/wp-json\/wp\/v2\/product_cat?post=24264"},{"taxonomy":"product_tag","embeddable":true,"href":"https:\/\/diegraefin.ae\/de\/wp-json\/wp\/v2\/product_tag?post=24264"}],"curies":[{"name":"wp","href":"https:\/\/api.w.org\/{rel}","templated":true}]}}