{"id":24226,"date":"2022-10-04T19:10:27","date_gmt":"2022-10-04T19:10:27","guid":{"rendered":"https:\/\/diegraefin.net\/?post_type=product&#038;p=24226"},"modified":"2024-01-24T16:22:09","modified_gmt":"2024-01-24T16:22:09","slug":"kuschelhund-mit-muster","status":"publish","type":"product","link":"https:\/\/diegraefin.ae\/de\/produkt\/kuschelhund-mit-muster\/","title":{"rendered":"Kuschelhund Cord"},"content":{"rendered":"<div>\t<div id=\"gap-1531453878\" class=\"gap-element clearfix\" style=\"display:block; height:auto;\">\n\t\t\n<style>\n#gap-1531453878 {\n  padding-top: 15px;\n}\n<\/style>\n\t<\/div>\n\t<\/div>\n<div>\n<p class=\"p3\"><span class=\"s2\">Wir d\u00fcrfen stolz unsere neueste Innovation pr\u00e4sentieren: Kuscheltiere mit Cord \u2013 die perfekte Kombination aus Trend und Gem\u00fctlichkeit!<\/span><\/p>\n<p class=\"p3\"><span class=\"s2\">Dieser einzigartige Stoff verleiht unseren Kuscheltieren nicht nur einen trendigen Look, sondern sorgt auch f\u00fcr ein besonders angenehmes und kuscheliges Gef\u00fchl.\u00a0<\/span><\/p>\n<p class=\"p3\"><span class=\"s2\">Die Cord-Kuscheltiere sind nicht nur optisch ansprechend. Ob als niedliches Geschenk f\u00fcr einen besonderen Menschen oder als dekoratives Element im Kinderzimmer \u2013 sie bringen W\u00e4rme und Freude in jeden Raum. Durch die hochwertige Verarbeitung garantieren wir nicht nur eine lange Haltbarkeit, sondern auch eine besonders angenehme Haptik.<\/span><\/p>\n<p class=\"p3\"><span class=\"s2\">Taucht ein in die Welt der Gem\u00fctlichkeit.<\/span><\/p>\n<\/div>\n<div>\t<div id=\"gap-565477127\" class=\"gap-element clearfix\" style=\"display:block; height:auto;\">\n\t\t\n<style>\n#gap-565477127 {\n  padding-top: 15px;\n}\n<\/style>\n\t<\/div>\n\t<\/div>\n<h3>PRODUKTEIGENSCHAFTEN<\/h3>\n<ul>\n<li><b>Gr\u00f6\u00dfe: <\/b>25 x 45 cm<\/li>\n<li><b>Gewicht: <\/b>300 g<\/li>\n<li><b><b>Material des Kissenbezugs: <\/b><\/b>Cord<\/li>\n<li><b><b>F\u00fcllung:<\/b><\/b> 100% Merino-Schwafwolle<\/li>\n<li><b><b>Extras:<\/b><\/b> Bezug abnehmbar, nahtverdeckter Rei\u00dfverschluss in Stofffarbe<\/li>\n<li><b>Herstellung:<\/b> in Deutschland<\/li>\n<li><b><b>Pflege: <\/b><\/b>abnehmbarer Kissenbezug, Kissenbezug bei\u00a030\u00b0C in der Maschine waschbar<\/li>\n<\/ul>\n<h3>BESTELLUNGEN VON PRIVATKUNDEN<\/h3>\n<ul>\n<li><b><b>Zahlung: <\/b><\/b>sichere Zahlung durch Paypal oder Bank\u00fcberweisung<\/li>\n<li><b>Lieferung:<\/b> innerhalb von 7 &#8211; 10 Werktagen nach Zahlungseingang durch DHL<\/li>\n<li><b>R\u00fcckgabe:\u00a0<\/b>innerhalb von 14 Tagen f\u00fcr Kissen ohne Namensbestickung<\/li>\n<li><b>Kundenbewertungen: <\/b>Produktbewertungen in diesem Shop nach Registrierung und Anmeldung oder generelle Bewertung bei Einwilligung in eine ShopVote Befragung nach einer Bestellung<\/li>\n<\/ul>\n\t<div id=\"gap-801516018\" class=\"gap-element clearfix\" style=\"display:block; height:auto;\">\n\t\t\n<style>\n#gap-801516018 {\n  padding-top: 30px;\n}\n<\/style>\n\t<\/div>\n\t\n","protected":false},"excerpt":{"rendered":"<hr \/>\n<p><span style=\"color: #364755;\">\u2729 25x45cm \u2729 hochwertiges Material \u2729 einfach zu pflegen \u2729 individuell bestickte Beschriftungen<\/span><\/p>\n","protected":false},"featured_media":34242,"template":"","meta":[],"product_cat":[569,577],"product_tag":[102,51],"yoast_head":"<!-- This site is optimized with the Yoast SEO Premium plugin v22.5 (Yoast SEO v22.5) - https:\/\/yoast.com\/wordpress\/plugins\/seo\/ -->\n<title>Kuschelhund Cord. W\u00e4hle jetzt dein Modell- Die Gr\u00e4fin<\/title>\n<meta name=\"description\" content=\"Individuell besticktes 25x45cm Kissen in Hundeform. Hochwertig und nachhaltig verarbeitet. W\u00e4hle deine Farbe. Jetzt Online bestellen.\" \/>\n<meta name=\"robots\" content=\"index, follow, max-snippet:-1, max-image-preview:large, max-video-preview:-1\" \/>\n<link rel=\"canonical\" href=\"https:\/\/diegraefin.ae\/de\/produkt\/kuschelhund-mit-muster\/\" \/>\n<meta property=\"og:locale\" content=\"de_DE\" \/>\n<meta property=\"og:type\" content=\"article\" \/>\n<meta property=\"og:title\" content=\"Kuschelhund Cord\" \/>\n<meta property=\"og:description\" content=\"Individuell besticktes 25x45cm Kissen in Hundeform. Hochwertig und nachhaltig verarbeitet. W\u00e4hle deine Farbe. Jetzt Online bestellen.\" \/>\n<meta property=\"og:url\" content=\"https:\/\/diegraefin.ae\/de\/produkt\/kuschelhund-mit-muster\/\" \/>\n<meta property=\"og:site_name\" content=\"Die Graefin\" \/>\n<meta property=\"article:publisher\" content=\"https:\/\/www.facebook.com\/www.diegraefin.net\/\" \/>\n<meta property=\"article:modified_time\" content=\"2024-01-24T16:22:09+00:00\" \/>\n<meta property=\"og:image\" content=\"https:\/\/diegraefin.ae\/wp-content\/uploads\/Kategorie-Hund.png\" \/>\n\t<meta property=\"og:image:width\" content=\"1024\" \/>\n\t<meta property=\"og:image:height\" content=\"1024\" \/>\n\t<meta property=\"og:image:type\" content=\"image\/png\" \/>\n<meta name=\"twitter:card\" content=\"summary_large_image\" \/>\n<meta name=\"twitter:label1\" content=\"Preis\" \/>\n\t<meta name=\"twitter:data1\" content=\"53,90&nbsp;&euro;\" \/>\n\t<meta name=\"twitter:label2\" content=\"Verf\u00fcgbarkeit\" \/>\n\t<meta name=\"twitter:data2\" content=\"Auf Lager\" \/>\n<script type=\"application\/ld+json\" class=\"yoast-schema-graph\">{\"@context\":\"https:\/\/schema.org\",\"@graph\":[{\"@type\":\"WebPage\",\"@id\":\"https:\/\/diegraefin.ae\/de\/produkt\/kuschelhund-mit-muster\/\",\"url\":\"https:\/\/diegraefin.ae\/de\/produkt\/kuschelhund-mit-muster\/\",\"name\":\"Kuschelhund Cord. W\u00e4hle jetzt dein Modell- Die Gr\u00e4fin\",\"isPartOf\":{\"@id\":\"https:\/\/diegraefin.ae\/#website\"},\"primaryImageOfPage\":{\"@id\":\"https:\/\/diegraefin.ae\/de\/produkt\/kuschelhund-mit-muster\/#primaryimage\"},\"image\":{\"@id\":\"https:\/\/diegraefin.ae\/de\/produkt\/kuschelhund-mit-muster\/#primaryimage\"},\"thumbnailUrl\":\"https:\/\/diegraefin.ae\/wp-content\/uploads\/Kategorie-Hund.png\",\"datePublished\":\"2022-10-04T19:10:27+00:00\",\"dateModified\":\"2024-01-24T16:22:09+00:00\",\"description\":\"Individuell besticktes 25x45cm Kissen in Hundeform. Hochwertig und nachhaltig verarbeitet. W\u00e4hle deine Farbe. Jetzt Online bestellen.\",\"breadcrumb\":{\"@id\":\"https:\/\/diegraefin.ae\/de\/produkt\/kuschelhund-mit-muster\/#breadcrumb\"},\"inLanguage\":\"de\",\"potentialAction\":[{\"@type\":\"ReadAction\",\"target\":[\"https:\/\/diegraefin.ae\/de\/produkt\/kuschelhund-mit-muster\/\"]}]},{\"@type\":\"ImageObject\",\"inLanguage\":\"de\",\"@id\":\"https:\/\/diegraefin.ae\/de\/produkt\/kuschelhund-mit-muster\/#primaryimage\",\"url\":\"https:\/\/diegraefin.ae\/wp-content\/uploads\/Kategorie-Hund.png\",\"contentUrl\":\"https:\/\/diegraefin.ae\/wp-content\/uploads\/Kategorie-Hund.png\",\"width\":1024,\"height\":1024},{\"@type\":\"BreadcrumbList\",\"@id\":\"https:\/\/diegraefin.ae\/de\/produkt\/kuschelhund-mit-muster\/#breadcrumb\",\"itemListElement\":[{\"@type\":\"ListItem\",\"position\":1,\"name\":\"Die Gr\u00e4fin\",\"item\":\"https:\/\/diegraefin.ae\/de\/\"},{\"@type\":\"ListItem\",\"position\":2,\"name\":\"Shop\",\"item\":\"https:\/\/diegraefin.ae\/de\/?page_id=6\"},{\"@type\":\"ListItem\",\"position\":3,\"name\":\"Kuschelhund Cord\"}]},{\"@type\":\"WebSite\",\"@id\":\"https:\/\/diegraefin.ae\/#website\",\"url\":\"https:\/\/diegraefin.ae\/\",\"name\":\"Die Graefin\",\"description\":\"Cuddly toys made from organic cotton and organic merino wool\",\"publisher\":{\"@id\":\"https:\/\/diegraefin.ae\/#organization\"},\"potentialAction\":[{\"@type\":\"SearchAction\",\"target\":{\"@type\":\"EntryPoint\",\"urlTemplate\":\"https:\/\/diegraefin.ae\/?s={search_term_string}\"},\"query-input\":\"required name=search_term_string\"}],\"inLanguage\":\"de\"},{\"@type\":\"Organization\",\"@id\":\"https:\/\/diegraefin.ae\/#organization\",\"name\":\"Die Gr\u00e4fin\",\"url\":\"https:\/\/diegraefin.ae\/\",\"logo\":{\"@type\":\"ImageObject\",\"inLanguage\":\"de\",\"@id\":\"https:\/\/diegraefin.ae\/#\/schema\/logo\/image\/\",\"url\":\"https:\/\/diegraefin.net\/wp-content\/uploads\/Logo-ohne-Oval.png\",\"contentUrl\":\"https:\/\/diegraefin.net\/wp-content\/uploads\/Logo-ohne-Oval.png\",\"width\":600,\"height\":506,\"caption\":\"Die Gr\u00e4fin\"},\"image\":{\"@id\":\"https:\/\/diegraefin.ae\/#\/schema\/logo\/image\/\"},\"sameAs\":[\"https:\/\/www.facebook.com\/www.diegraefin.net\/\"]}]}<\/script>\n<meta property=\"product:price:amount\" content=\"53.90\" \/>\n<meta property=\"product:price:currency\" content=\"EUR\" \/>\n<meta property=\"og:availability\" content=\"instock\" \/>\n<meta property=\"product:availability\" content=\"instock\" \/>\n<meta property=\"product:condition\" content=\"new\" \/>\n<!-- \/ Yoast SEO Premium plugin. -->","yoast_head_json":{"title":"Kuschelhund Cord. W\u00e4hle jetzt dein Modell- Die Gr\u00e4fin","description":"Individuell besticktes 25x45cm Kissen in Hundeform. Hochwertig und nachhaltig verarbeitet. W\u00e4hle deine Farbe. Jetzt Online bestellen.","robots":{"index":"index","follow":"follow","max-snippet":"max-snippet:-1","max-image-preview":"max-image-preview:large","max-video-preview":"max-video-preview:-1"},"canonical":"https:\/\/diegraefin.ae\/de\/produkt\/kuschelhund-mit-muster\/","og_locale":"de_DE","og_type":"article","og_title":"Kuschelhund Cord","og_description":"Individuell besticktes 25x45cm Kissen in Hundeform. Hochwertig und nachhaltig verarbeitet. W\u00e4hle deine Farbe. Jetzt Online bestellen.","og_url":"https:\/\/diegraefin.ae\/de\/produkt\/kuschelhund-mit-muster\/","og_site_name":"Die Graefin","article_publisher":"https:\/\/www.facebook.com\/www.diegraefin.net\/","article_modified_time":"2024-01-24T16:22:09+00:00","og_image":[{"width":1024,"height":1024,"url":"https:\/\/diegraefin.ae\/wp-content\/uploads\/Kategorie-Hund.png","type":"image\/png"}],"twitter_card":"summary_large_image","twitter_misc":{"Preis":"53,90&nbsp;&euro;","Verf\u00fcgbarkeit":"Auf Lager"},"schema":{"@context":"https:\/\/schema.org","@graph":[{"@type":"WebPage","@id":"https:\/\/diegraefin.ae\/de\/produkt\/kuschelhund-mit-muster\/","url":"https:\/\/diegraefin.ae\/de\/produkt\/kuschelhund-mit-muster\/","name":"Kuschelhund Cord. W\u00e4hle jetzt dein Modell- Die Gr\u00e4fin","isPartOf":{"@id":"https:\/\/diegraefin.ae\/#website"},"primaryImageOfPage":{"@id":"https:\/\/diegraefin.ae\/de\/produkt\/kuschelhund-mit-muster\/#primaryimage"},"image":{"@id":"https:\/\/diegraefin.ae\/de\/produkt\/kuschelhund-mit-muster\/#primaryimage"},"thumbnailUrl":"https:\/\/diegraefin.ae\/wp-content\/uploads\/Kategorie-Hund.png","datePublished":"2022-10-04T19:10:27+00:00","dateModified":"2024-01-24T16:22:09+00:00","description":"Individuell besticktes 25x45cm Kissen in Hundeform. Hochwertig und nachhaltig verarbeitet. W\u00e4hle deine Farbe. Jetzt Online bestellen.","breadcrumb":{"@id":"https:\/\/diegraefin.ae\/de\/produkt\/kuschelhund-mit-muster\/#breadcrumb"},"inLanguage":"de","potentialAction":[{"@type":"ReadAction","target":["https:\/\/diegraefin.ae\/de\/produkt\/kuschelhund-mit-muster\/"]}]},{"@type":"ImageObject","inLanguage":"de","@id":"https:\/\/diegraefin.ae\/de\/produkt\/kuschelhund-mit-muster\/#primaryimage","url":"https:\/\/diegraefin.ae\/wp-content\/uploads\/Kategorie-Hund.png","contentUrl":"https:\/\/diegraefin.ae\/wp-content\/uploads\/Kategorie-Hund.png","width":1024,"height":1024},{"@type":"BreadcrumbList","@id":"https:\/\/diegraefin.ae\/de\/produkt\/kuschelhund-mit-muster\/#breadcrumb","itemListElement":[{"@type":"ListItem","position":1,"name":"Die Gr\u00e4fin","item":"https:\/\/diegraefin.ae\/de\/"},{"@type":"ListItem","position":2,"name":"Shop","item":"https:\/\/diegraefin.ae\/de\/?page_id=6"},{"@type":"ListItem","position":3,"name":"Kuschelhund Cord"}]},{"@type":"WebSite","@id":"https:\/\/diegraefin.ae\/#website","url":"https:\/\/diegraefin.ae\/","name":"Die Graefin","description":"Cuddly toys made from organic cotton and organic merino wool","publisher":{"@id":"https:\/\/diegraefin.ae\/#organization"},"potentialAction":[{"@type":"SearchAction","target":{"@type":"EntryPoint","urlTemplate":"https:\/\/diegraefin.ae\/?s={search_term_string}"},"query-input":"required name=search_term_string"}],"inLanguage":"de"},{"@type":"Organization","@id":"https:\/\/diegraefin.ae\/#organization","name":"Die Gr\u00e4fin","url":"https:\/\/diegraefin.ae\/","logo":{"@type":"ImageObject","inLanguage":"de","@id":"https:\/\/diegraefin.ae\/#\/schema\/logo\/image\/","url":"https:\/\/diegraefin.net\/wp-content\/uploads\/Logo-ohne-Oval.png","contentUrl":"https:\/\/diegraefin.net\/wp-content\/uploads\/Logo-ohne-Oval.png","width":600,"height":506,"caption":"Die Gr\u00e4fin"},"image":{"@id":"https:\/\/diegraefin.ae\/#\/schema\/logo\/image\/"},"sameAs":["https:\/\/www.facebook.com\/www.diegraefin.net\/"]}]},"product_price_amount":"53.90","product_price_currency":"EUR","og_availability":"instock","product_availability":"instock","product_condition":"new"},"_links":{"self":[{"href":"https:\/\/diegraefin.ae\/de\/wp-json\/wp\/v2\/product\/24226"}],"collection":[{"href":"https:\/\/diegraefin.ae\/de\/wp-json\/wp\/v2\/product"}],"about":[{"href":"https:\/\/diegraefin.ae\/de\/wp-json\/wp\/v2\/types\/product"}],"wp:featuredmedia":[{"embeddable":true,"href":"https:\/\/diegraefin.ae\/de\/wp-json\/wp\/v2\/media\/34242"}],"wp:attachment":[{"href":"https:\/\/diegraefin.ae\/de\/wp-json\/wp\/v2\/media?parent=24226"}],"wp:term":[{"taxonomy":"product_cat","embeddable":true,"href":"https:\/\/diegraefin.ae\/de\/wp-json\/wp\/v2\/product_cat?post=24226"},{"taxonomy":"product_tag","embeddable":true,"href":"https:\/\/diegraefin.ae\/de\/wp-json\/wp\/v2\/product_tag?post=24226"}],"curies":[{"name":"wp","href":"https:\/\/api.w.org\/{rel}","templated":true}]}}