{"id":24210,"date":"2022-10-04T14:52:10","date_gmt":"2022-10-04T14:52:10","guid":{"rendered":"https:\/\/diegraefin.net\/?post_type=product&#038;p=24210"},"modified":"2024-02-26T10:48:38","modified_gmt":"2024-02-26T10:48:38","slug":"kuschelschaf-xxl","status":"publish","type":"product","link":"https:\/\/diegraefin.ae\/de\/produkt\/kuschelschaf-xxl\/","title":{"rendered":"Kuschelschaf XXL"},"content":{"rendered":"<div>\t<div id=\"gap-757504200\" class=\"gap-element clearfix\" style=\"display:block; height:auto;\">\n\t\t\n<style>\n#gap-757504200 {\n  padding-top: 15px;\n}\n<\/style>\n\t<\/div>\n\t<\/div>\n<div>Unsere Namenskissen sind beliebte Kindergeschenke. Mit einem Kuschelschaf von der Gr\u00e4fin haben unsere Kleinen immer einen kuscheligen Begleiter an ihrer Seite. Ob im Kinderzimmer, auf Reisen, in der Kita oder im Kindergarten. Das Sch\u00e4fchenkissen<br \/>\nist Kuscheltier und Schmusekissen in Einem.<\/div>\n<div>\t<div id=\"gap-554112493\" class=\"gap-element clearfix\" style=\"display:block; height:auto;\">\n\t\t\n<style>\n#gap-554112493 {\n  padding-top: 15px;\n}\n<\/style>\n\t<\/div>\n\t<\/div>\n<h3>PRODUKTEIGENSCHAFTEN<\/h3>\n<ul>\n<li><b>Gr\u00f6\u00dfe: <\/b>60 x 40 cm<\/li>\n<li><b>Gewicht: <\/b>300 g<\/li>\n<li><b><b>Material des Kissenbezugs: <\/b><\/b>Teddypl\u00fcsch &amp; Musselin 100% Baumwolle &#8211; \u00d6kotex Standard<\/li>\n<li><b><b>F\u00fcllung:<\/b><\/b> 100% Merino-Schwafwolle<\/li>\n<li><b><b>Extras:<\/b><\/b> Bezug abnehmbar, nahtverdeckter Rei\u00dfverschluss in Stofffarbe<\/li>\n<li><b>Herstellung:<\/b> in Deutschland<\/li>\n<li><b><b>Pflege: <\/b><\/b>abnehmbarer Kissenbezug, Kissenbezug bei\u00a030\u00b0C in der Maschine waschbar<\/li>\n<\/ul>\n<h3>BESTELLUNGEN VON PRIVATKUNDEN<\/h3>\n<ul>\n<li><b><b>Zahlung: <\/b><\/b>sichere Zahlung durch Paypal oder Bank\u00fcberweisung<\/li>\n<li><b>Lieferung:<\/b> innerhalb von 7 &#8211; 10 Werktagen nach Zahlungseingang durch DHL<\/li>\n<li><b>R\u00fcckgabe:\u00a0<\/b>innerhalb von 14 Tagen f\u00fcr Kissen ohne Namensbestickung<\/li>\n<li><b>Kundenbewertungen: <\/b>Produktbewertungen in diesem Shop nach Registrierung und Anmeldung oder generelle Bewertung bei Einwilligung in eine ShopVote Befragung nach einer Bestellung<\/li>\n<\/ul>\n\t<div id=\"gap-1910066014\" class=\"gap-element clearfix\" style=\"display:block; height:auto;\">\n\t\t\n<style>\n#gap-1910066014 {\n  padding-top: 30px;\n}\n<\/style>\n\t<\/div>\n\t\n","protected":false},"excerpt":{"rendered":"<hr \/>\n<p><span style=\"color: #364755;\">\u2729 60x40cm \u2729 hochwertiges Material \u2729 einfach zu pflegen \u2729 individuell bestickte Beschriftungen<\/span><\/p>\n","protected":false},"featured_media":23648,"template":"","meta":[],"product_cat":[568,575],"product_tag":[102,51],"yoast_head":"<!-- This site is optimized with the Yoast SEO Premium plugin v22.5 (Yoast SEO v22.5) - https:\/\/yoast.com\/wordpress\/plugins\/seo\/ -->\n<title>Kuschelschaf XXL. W\u00e4hle jetzt deine Farbe - Die Gr\u00e4fin.<\/title>\n<meta name=\"description\" content=\"Individuell besticktes XXL 60x40cm Kissen in Schafsform. Hochwertig und nachhaltig verarbeitet. W\u00e4hle deine Farbe. Jetzt Online bestellen.\" \/>\n<meta name=\"robots\" content=\"index, follow, max-snippet:-1, max-image-preview:large, max-video-preview:-1\" \/>\n<link rel=\"canonical\" href=\"https:\/\/diegraefin.ae\/de\/produkt\/kuschelschaf-xxl\/\" \/>\n<meta property=\"og:locale\" content=\"de_DE\" \/>\n<meta property=\"og:type\" content=\"article\" \/>\n<meta property=\"og:title\" content=\"Kuschelschaf XXL\" \/>\n<meta property=\"og:description\" content=\"Individuell besticktes XXL 60x40cm Kissen in Schafsform. Hochwertig und nachhaltig verarbeitet. W\u00e4hle deine Farbe. Jetzt Online bestellen.\" \/>\n<meta property=\"og:url\" content=\"https:\/\/diegraefin.ae\/de\/produkt\/kuschelschaf-xxl\/\" \/>\n<meta property=\"og:site_name\" content=\"Die Graefin\" \/>\n<meta property=\"article:publisher\" content=\"https:\/\/www.facebook.com\/www.diegraefin.net\/\" \/>\n<meta property=\"article:modified_time\" content=\"2024-02-26T10:48:38+00:00\" \/>\n<meta property=\"og:image\" content=\"https:\/\/diegraefin.ae\/wp-content\/uploads\/xxl_kuschelhund_01.jpg\" \/>\n\t<meta property=\"og:image:width\" content=\"1168\" \/>\n\t<meta property=\"og:image:height\" content=\"1128\" \/>\n\t<meta property=\"og:image:type\" content=\"image\/jpeg\" \/>\n<meta name=\"twitter:card\" content=\"summary_large_image\" \/>\n<meta name=\"twitter:label1\" content=\"Preis\" \/>\n\t<meta name=\"twitter:data1\" content=\"129,00&nbsp;&euro;\" \/>\n\t<meta name=\"twitter:label2\" content=\"Verf\u00fcgbarkeit\" \/>\n\t<meta name=\"twitter:data2\" content=\"Auf Lager\" \/>\n<script type=\"application\/ld+json\" class=\"yoast-schema-graph\">{\"@context\":\"https:\/\/schema.org\",\"@graph\":[{\"@type\":\"WebPage\",\"@id\":\"https:\/\/diegraefin.ae\/de\/produkt\/kuschelschaf-xxl\/\",\"url\":\"https:\/\/diegraefin.ae\/de\/produkt\/kuschelschaf-xxl\/\",\"name\":\"Kuschelschaf XXL. W\u00e4hle jetzt deine Farbe - Die Gr\u00e4fin.\",\"isPartOf\":{\"@id\":\"https:\/\/diegraefin.ae\/#website\"},\"primaryImageOfPage\":{\"@id\":\"https:\/\/diegraefin.ae\/de\/produkt\/kuschelschaf-xxl\/#primaryimage\"},\"image\":{\"@id\":\"https:\/\/diegraefin.ae\/de\/produkt\/kuschelschaf-xxl\/#primaryimage\"},\"thumbnailUrl\":\"https:\/\/diegraefin.ae\/wp-content\/uploads\/xxl_kuschelhund_01.jpg\",\"datePublished\":\"2022-10-04T14:52:10+00:00\",\"dateModified\":\"2024-02-26T10:48:38+00:00\",\"description\":\"Individuell besticktes XXL 60x40cm Kissen in Schafsform. Hochwertig und nachhaltig verarbeitet. W\u00e4hle deine Farbe. Jetzt Online bestellen.\",\"breadcrumb\":{\"@id\":\"https:\/\/diegraefin.ae\/de\/produkt\/kuschelschaf-xxl\/#breadcrumb\"},\"inLanguage\":\"de\",\"potentialAction\":[{\"@type\":\"ReadAction\",\"target\":[\"https:\/\/diegraefin.ae\/de\/produkt\/kuschelschaf-xxl\/\"]}]},{\"@type\":\"ImageObject\",\"inLanguage\":\"de\",\"@id\":\"https:\/\/diegraefin.ae\/de\/produkt\/kuschelschaf-xxl\/#primaryimage\",\"url\":\"https:\/\/diegraefin.ae\/wp-content\/uploads\/xxl_kuschelhund_01.jpg\",\"contentUrl\":\"https:\/\/diegraefin.ae\/wp-content\/uploads\/xxl_kuschelhund_01.jpg\",\"width\":1168,\"height\":1128},{\"@type\":\"BreadcrumbList\",\"@id\":\"https:\/\/diegraefin.ae\/de\/produkt\/kuschelschaf-xxl\/#breadcrumb\",\"itemListElement\":[{\"@type\":\"ListItem\",\"position\":1,\"name\":\"Die Gr\u00e4fin\",\"item\":\"https:\/\/diegraefin.ae\/de\/\"},{\"@type\":\"ListItem\",\"position\":2,\"name\":\"Shop\",\"item\":\"https:\/\/diegraefin.ae\/de\/?page_id=6\"},{\"@type\":\"ListItem\",\"position\":3,\"name\":\"Kuschelschaf XXL\"}]},{\"@type\":\"WebSite\",\"@id\":\"https:\/\/diegraefin.ae\/#website\",\"url\":\"https:\/\/diegraefin.ae\/\",\"name\":\"Die Graefin\",\"description\":\"Cuddly toys made from organic cotton and organic merino wool\",\"publisher\":{\"@id\":\"https:\/\/diegraefin.ae\/#organization\"},\"potentialAction\":[{\"@type\":\"SearchAction\",\"target\":{\"@type\":\"EntryPoint\",\"urlTemplate\":\"https:\/\/diegraefin.ae\/?s={search_term_string}\"},\"query-input\":\"required name=search_term_string\"}],\"inLanguage\":\"de\"},{\"@type\":\"Organization\",\"@id\":\"https:\/\/diegraefin.ae\/#organization\",\"name\":\"Die Gr\u00e4fin\",\"url\":\"https:\/\/diegraefin.ae\/\",\"logo\":{\"@type\":\"ImageObject\",\"inLanguage\":\"de\",\"@id\":\"https:\/\/diegraefin.ae\/#\/schema\/logo\/image\/\",\"url\":\"https:\/\/diegraefin.net\/wp-content\/uploads\/Logo-ohne-Oval.png\",\"contentUrl\":\"https:\/\/diegraefin.net\/wp-content\/uploads\/Logo-ohne-Oval.png\",\"width\":600,\"height\":506,\"caption\":\"Die Gr\u00e4fin\"},\"image\":{\"@id\":\"https:\/\/diegraefin.ae\/#\/schema\/logo\/image\/\"},\"sameAs\":[\"https:\/\/www.facebook.com\/www.diegraefin.net\/\"]}]}<\/script>\n<meta property=\"product:price:amount\" content=\"129.00\" \/>\n<meta property=\"product:price:currency\" content=\"EUR\" \/>\n<meta property=\"og:availability\" content=\"instock\" \/>\n<meta property=\"product:availability\" content=\"instock\" \/>\n<meta property=\"product:condition\" content=\"new\" \/>\n<!-- \/ Yoast SEO Premium plugin. -->","yoast_head_json":{"title":"Kuschelschaf XXL. W\u00e4hle jetzt deine Farbe - Die Gr\u00e4fin.","description":"Individuell besticktes XXL 60x40cm Kissen in Schafsform. Hochwertig und nachhaltig verarbeitet. W\u00e4hle deine Farbe. Jetzt Online bestellen.","robots":{"index":"index","follow":"follow","max-snippet":"max-snippet:-1","max-image-preview":"max-image-preview:large","max-video-preview":"max-video-preview:-1"},"canonical":"https:\/\/diegraefin.ae\/de\/produkt\/kuschelschaf-xxl\/","og_locale":"de_DE","og_type":"article","og_title":"Kuschelschaf XXL","og_description":"Individuell besticktes XXL 60x40cm Kissen in Schafsform. Hochwertig und nachhaltig verarbeitet. W\u00e4hle deine Farbe. Jetzt Online bestellen.","og_url":"https:\/\/diegraefin.ae\/de\/produkt\/kuschelschaf-xxl\/","og_site_name":"Die Graefin","article_publisher":"https:\/\/www.facebook.com\/www.diegraefin.net\/","article_modified_time":"2024-02-26T10:48:38+00:00","og_image":[{"width":1168,"height":1128,"url":"https:\/\/diegraefin.ae\/wp-content\/uploads\/xxl_kuschelhund_01.jpg","type":"image\/jpeg"}],"twitter_card":"summary_large_image","twitter_misc":{"Preis":"129,00&nbsp;&euro;","Verf\u00fcgbarkeit":"Auf Lager"},"schema":{"@context":"https:\/\/schema.org","@graph":[{"@type":"WebPage","@id":"https:\/\/diegraefin.ae\/de\/produkt\/kuschelschaf-xxl\/","url":"https:\/\/diegraefin.ae\/de\/produkt\/kuschelschaf-xxl\/","name":"Kuschelschaf XXL. W\u00e4hle jetzt deine Farbe - Die Gr\u00e4fin.","isPartOf":{"@id":"https:\/\/diegraefin.ae\/#website"},"primaryImageOfPage":{"@id":"https:\/\/diegraefin.ae\/de\/produkt\/kuschelschaf-xxl\/#primaryimage"},"image":{"@id":"https:\/\/diegraefin.ae\/de\/produkt\/kuschelschaf-xxl\/#primaryimage"},"thumbnailUrl":"https:\/\/diegraefin.ae\/wp-content\/uploads\/xxl_kuschelhund_01.jpg","datePublished":"2022-10-04T14:52:10+00:00","dateModified":"2024-02-26T10:48:38+00:00","description":"Individuell besticktes XXL 60x40cm Kissen in Schafsform. Hochwertig und nachhaltig verarbeitet. W\u00e4hle deine Farbe. Jetzt Online bestellen.","breadcrumb":{"@id":"https:\/\/diegraefin.ae\/de\/produkt\/kuschelschaf-xxl\/#breadcrumb"},"inLanguage":"de","potentialAction":[{"@type":"ReadAction","target":["https:\/\/diegraefin.ae\/de\/produkt\/kuschelschaf-xxl\/"]}]},{"@type":"ImageObject","inLanguage":"de","@id":"https:\/\/diegraefin.ae\/de\/produkt\/kuschelschaf-xxl\/#primaryimage","url":"https:\/\/diegraefin.ae\/wp-content\/uploads\/xxl_kuschelhund_01.jpg","contentUrl":"https:\/\/diegraefin.ae\/wp-content\/uploads\/xxl_kuschelhund_01.jpg","width":1168,"height":1128},{"@type":"BreadcrumbList","@id":"https:\/\/diegraefin.ae\/de\/produkt\/kuschelschaf-xxl\/#breadcrumb","itemListElement":[{"@type":"ListItem","position":1,"name":"Die Gr\u00e4fin","item":"https:\/\/diegraefin.ae\/de\/"},{"@type":"ListItem","position":2,"name":"Shop","item":"https:\/\/diegraefin.ae\/de\/?page_id=6"},{"@type":"ListItem","position":3,"name":"Kuschelschaf XXL"}]},{"@type":"WebSite","@id":"https:\/\/diegraefin.ae\/#website","url":"https:\/\/diegraefin.ae\/","name":"Die Graefin","description":"Cuddly toys made from organic cotton and organic merino wool","publisher":{"@id":"https:\/\/diegraefin.ae\/#organization"},"potentialAction":[{"@type":"SearchAction","target":{"@type":"EntryPoint","urlTemplate":"https:\/\/diegraefin.ae\/?s={search_term_string}"},"query-input":"required name=search_term_string"}],"inLanguage":"de"},{"@type":"Organization","@id":"https:\/\/diegraefin.ae\/#organization","name":"Die Gr\u00e4fin","url":"https:\/\/diegraefin.ae\/","logo":{"@type":"ImageObject","inLanguage":"de","@id":"https:\/\/diegraefin.ae\/#\/schema\/logo\/image\/","url":"https:\/\/diegraefin.net\/wp-content\/uploads\/Logo-ohne-Oval.png","contentUrl":"https:\/\/diegraefin.net\/wp-content\/uploads\/Logo-ohne-Oval.png","width":600,"height":506,"caption":"Die Gr\u00e4fin"},"image":{"@id":"https:\/\/diegraefin.ae\/#\/schema\/logo\/image\/"},"sameAs":["https:\/\/www.facebook.com\/www.diegraefin.net\/"]}]},"product_price_amount":"129.00","product_price_currency":"EUR","og_availability":"instock","product_availability":"instock","product_condition":"new"},"_links":{"self":[{"href":"https:\/\/diegraefin.ae\/de\/wp-json\/wp\/v2\/product\/24210"}],"collection":[{"href":"https:\/\/diegraefin.ae\/de\/wp-json\/wp\/v2\/product"}],"about":[{"href":"https:\/\/diegraefin.ae\/de\/wp-json\/wp\/v2\/types\/product"}],"wp:featuredmedia":[{"embeddable":true,"href":"https:\/\/diegraefin.ae\/de\/wp-json\/wp\/v2\/media\/23648"}],"wp:attachment":[{"href":"https:\/\/diegraefin.ae\/de\/wp-json\/wp\/v2\/media?parent=24210"}],"wp:term":[{"taxonomy":"product_cat","embeddable":true,"href":"https:\/\/diegraefin.ae\/de\/wp-json\/wp\/v2\/product_cat?post=24210"},{"taxonomy":"product_tag","embeddable":true,"href":"https:\/\/diegraefin.ae\/de\/wp-json\/wp\/v2\/product_tag?post=24210"}],"curies":[{"name":"wp","href":"https:\/\/api.w.org\/{rel}","templated":true}]}}